{"id":1686,"date":"2024-04-24T09:43:28","date_gmt":"2024-04-24T09:43:28","guid":{"rendered":"https:\/\/www.trngaraj.com\/?page_id=1686"},"modified":"2024-04-24T09:53:39","modified_gmt":"2024-04-24T09:53:39","slug":"projelerimiz","status":"publish","type":"page","link":"https:\/\/www.trngaraj.com\/en\/projelerimiz\/","title":{"rendered":"Projelerimiz"},"content":{"rendered":"<div data-elementor-type=\"wp-page\" data-elementor-id=\"1686\" class=\"elementor elementor-1686\">\n\t\t\t\t<div class=\"elementor-element elementor-element-81c4933 e-flex e-con-boxed e-con e-parent\" data-id=\"81c4933\" data-element_type=\"container\">\n\t\t\t\t\t<div class=\"e-con-inner\">\n\t\t\t\t<div class=\"elementor-element elementor-element-a4285cd elementor-widget elementor-widget-ld_portfolio\" data-id=\"a4285cd\" data-element_type=\"widget\" data-widget_type=\"ld_portfolio.default\">\n\t\t\t\t<div class=\"elementor-widget-container\">\n\t\t\t<div class=\"lqd-pf-grid lqd-pf-grid-a4285cd\">\t\t\t\r\n<div class=\"liquid-filter-items align-items-center justify-content-center\">\t\r\n\t<div class=\"liquid-filter-items-inner flex-grow-1\">\r\n\t\t\r\n\t\t\t\t\t<span class=\"liquid-filter-items-label\">Filtrele<\/span>\r\n\t\t\r\n\t\t<ul class=\"filter-list filter-list-inline  size-sm filter-list-decorated filters-underline text-capitalize font-weight-medium d-flex align-items-center hidden-xs hidden-sm\" id=\"pf-filter-172131789\">\r\n\t\t\t<li class=\"active\" data-filter=\"*\"><span>T\u00fcm\u00fc<\/span><\/li>\r\n\t\t\t<li data-filter=\".motorsports\"><span>MotorSports<\/span><\/li><li data-filter=\".restorasyon\"><span>Restorasyon<\/span><\/li><li data-filter=\".supersport\"><span>SuperSport<\/span><\/li>\t\t<\/ul>\r\n\r\n\t\t<div class=\"lqd-filter-dropdown visible-xs visible-sm\" data-form-options='{ \"dropdownAppendTo\": \"self\" }'>\r\n\t\t\t<select name=\"lqd-filter-dropdown-pf-filter-172131789\" id=\"lqd-filter-dropdown-pf-filter-172131789\">\r\n\t\t\t\t<option selected data-filter=\"*\" value=\"*\">T\u00fcm\u00fc<\/option>\r\n\t\t\t\t<option data-filter=\".motorsports\" value=\".motorsports\">MotorSports<\/option><option data-filter=\".restorasyon\" value=\".restorasyon\">Restorasyon<\/option><option data-filter=\".supersport\" value=\".supersport\">SuperSport<\/option>\t\t\t<\/select>\r\n\t\t<\/div>\r\n\t\t\t\r\n\t\t\t\t\t\t\t\r\n\t\t\t\r\n\t<\/div>\r\n<\/div><div id=\"lqd-pf-grid-a4285cd\" class=\"lqd-pf-row row d-flex flex-wrap lqd-pf-grid-a4285cd\" data-liquid-masonry=\"true\" data-masonry-options='{ \"filtersID\": \"#pf-filter-172131789\", \"filtersCounter\": true }'><div class=\"lqd-pf-column col-md-4 col-sm-6 col-xs-12 col-sm-6 col-xs-12 masonry-item\">\n\n\t<article id=\"post-1698\" class=\"lqd-pf-item lqd-pf-item-style-6 border-radius-6 p-3 pt-4 lqd-pf-dark post-1698 liquid-portfolio type-liquid-portfolio status-publish format-standard has-post-thumbnail hentry\">\n\t\t<div class=\"lqd-pf-item-inner\">\n\n\t\t\t<div class=\"lqd-pf-img mb-3 pos-rel border-radius-10 overflow-hidden\">\n\t\t\t\t<figure>\n\t\t\t\t\t<figure class=\"w-100\"><img fetchpriority=\"high\" decoding=\"async\" width=\"748\" height=\"512\" src=\"https:\/\/www.trngaraj.com\/wp-content\/uploads\/2024\/04\/430139958_18087812359421642_3660583561021315062_n-748x512.jpg\" class=\"w-100 wp-post-image\" alt=\"\" itemprop=\"image\" \/><\/figure>\t\t\t\t<\/figure>\n\t\t\t\t<span class=\"lqd-pf-overlay-bg lqd-overlay d-flex align-items-center justify-content-center\">\n\t\t\t\t<\/span>\n\t\t\t<\/div>\n\n\t\t\t<div class=\"lqd-pf-details\">\n\t\t\t\t<div class=\"d-flex justify-content-between\">\n\t\t\t\t\t\t\t\t\t\t<h2 class=\"lqd-pf-title mt-0 align-items-center\">Cadillac Eldorado Brougham Restoraiton<\/h2>\t\t\t\t\t\t\t\t\t<\/div>\n\t\t\t\t\t\t\t<\/div>\n\n\t\t\t<a href=\"https:\/\/www.trngaraj.com\/en\/hizmet\/cadillac-eldorado-brougham-restoraiton\/\"  class=\"lqd-overlay lqd-pf-overlay-link lqd-cc-label-trigger\" ><\/a>\n\t\t<\/div>\n\t<\/article>\n\n<\/div><\/div><\/div>\t\t<\/div>\n\t\t\t\t<\/div>\n\t\t\t\t\t<\/div>\n\t\t\t\t<\/div>\n\t\t\t\t<\/div>","protected":false},"excerpt":{"rendered":"<p>Filtrele T\u00fcm\u00fc MotorSports Restorasyon SuperSport T\u00fcm\u00fcMotorSportsRestorasyonSuperSport Cadillac Eldorado Brougham Restoraiton<\/p>","protected":false},"author":1,"featured_media":0,"parent":0,"menu_order":0,"comment_status":"closed","ping_status":"closed","template":"","meta":{"footnotes":""},"class_list":["post-1686","page","type-page","status-publish","hentry"],"_links":{"self":[{"href":"https:\/\/www.trngaraj.com\/en\/wp-json\/wp\/v2\/pages\/1686","targetHints":{"allow":["GET"]}}],"collection":[{"href":"https:\/\/www.trngaraj.com\/en\/wp-json\/wp\/v2\/pages"}],"about":[{"href":"https:\/\/www.trngaraj.com\/en\/wp-json\/wp\/v2\/types\/page"}],"author":[{"embeddable":true,"href":"https:\/\/www.trngaraj.com\/en\/wp-json\/wp\/v2\/users\/1"}],"replies":[{"embeddable":true,"href":"https:\/\/www.trngaraj.com\/en\/wp-json\/wp\/v2\/comments?post=1686"}],"version-history":[{"count":10,"href":"https:\/\/www.trngaraj.com\/en\/wp-json\/wp\/v2\/pages\/1686\/revisions"}],"predecessor-version":[{"id":1709,"href":"https:\/\/www.trngaraj.com\/en\/wp-json\/wp\/v2\/pages\/1686\/revisions\/1709"}],"wp:attachment":[{"href":"https:\/\/www.trngaraj.com\/en\/wp-json\/wp\/v2\/media?parent=1686"}],"curies":[{"name":"wp","href":"https:\/\/api.w.org\/{rel}","templated":true}]}}