{"id":1611,"date":"2024-04-24T08:27:19","date_gmt":"2024-04-24T08:27:19","guid":{"rendered":"https:\/\/www.trngaraj.com\/?page_id=1611"},"modified":"2024-04-25T07:44:24","modified_gmt":"2024-04-25T07:44:24","slug":"supersport-tamir-bakim","status":"publish","type":"page","link":"https:\/\/www.trngaraj.com\/en\/supersport-tamir-bakim\/","title":{"rendered":"Supersport Tamir Bak\u0131m"},"content":{"rendered":"<div data-elementor-type=\"wp-page\" data-elementor-id=\"1611\" class=\"elementor elementor-1611\">\n\t\t\t\t<div class=\"elementor-element elementor-element-e8368d5 e-flex e-con-boxed e-con e-parent\" data-id=\"e8368d5\" data-element_type=\"container\">\n\t\t\t\t\t<div class=\"e-con-inner\">\n\t\t<div class=\"elementor-element elementor-element-7edd787 e-con-full e-flex e-con e-child\" data-id=\"7edd787\" data-element_type=\"container\">\n\t\t\t\t<div class=\"elementor-element elementor-element-7387c3c elementor-widget elementor-widget-heading\" data-id=\"7387c3c\" data-element_type=\"widget\" data-widget_type=\"heading.default\">\n\t\t\t\t<div class=\"elementor-widget-container\">\n\t\t\t<style>\/*! elementor - v3.21.0 - 20-05-2024 *\/\n.elementor-heading-title{padding:0;margin:0;line-height:1}.elementor-widget-heading .elementor-heading-title[class*=elementor-size-]>a{color:inherit;font-size:inherit;line-height:inherit}.elementor-widget-heading .elementor-heading-title.elementor-size-small{font-size:15px}.elementor-widget-heading .elementor-heading-title.elementor-size-medium{font-size:19px}.elementor-widget-heading .elementor-heading-title.elementor-size-large{font-size:29px}.elementor-widget-heading .elementor-heading-title.elementor-size-xl{font-size:39px}.elementor-widget-heading .elementor-heading-title.elementor-size-xxl{font-size:59px}<\/style><h2 class=\"elementor-heading-title elementor-size-default\">Supersport Tamir Bak\u0131m\n<\/h2>\t\t<\/div>\n\t\t\t\t<\/div>\n\t\t\t\t<div class=\"elementor-element elementor-element-5b2494a elementor-widget elementor-widget-text-editor\" data-id=\"5b2494a\" data-element_type=\"widget\" data-widget_type=\"text-editor.default\">\n\t\t\t\t<div class=\"elementor-widget-container\">\n\t\t\t<style>\/*! elementor - v3.21.0 - 20-05-2024 *\/\n.elementor-widget-text-editor.elementor-drop-cap-view-stacked .elementor-drop-cap{background-color:#69727d;color:#fff}.elementor-widget-text-editor.elementor-drop-cap-view-framed .elementor-drop-cap{color:#69727d;border:3px solid;background-color:transparent}.elementor-widget-text-editor:not(.elementor-drop-cap-view-default) .elementor-drop-cap{margin-top:8px}.elementor-widget-text-editor:not(.elementor-drop-cap-view-default) .elementor-drop-cap-letter{width:1em;height:1em}.elementor-widget-text-editor .elementor-drop-cap{float:left;text-align:center;line-height:1;font-size:50px}.elementor-widget-text-editor .elementor-drop-cap-letter{display:inline-block}<\/style>\t\t\t\t<p>TRN Garaj olarak, s\u00fcperspor otomobil severler i\u00e7in birinci s\u0131n\u0131f bir hizmet sunuyoruz. Ferrari, Lamborghini, Maserati, McLaren, Bugatti, Aston Martin ve Bentley gibi d\u00fcnyaca \u00fcnl\u00fc markalar\u0131n ara\u00e7lar\u0131na y\u00f6nelik geni\u015f kapsaml\u0131 servislerimizle tan\u0131n\u0131yoruz. Deneyimli ve uzman ekibimiz, bu \u00f6zel ara\u00e7lar\u0131n bak\u0131m ve onar\u0131m ihtiya\u00e7lar\u0131n\u0131 en ince detay\u0131na kadar titizlikle ger\u00e7ekle\u015ftiriyor.<\/p><p>Ara\u00e7lar\u0131n\u0131z\u0131 her zaman en iyi performansta tutmak i\u00e7in en g\u00fcncel teknolojiyi ve teknikleri kullan\u0131yoruz. S\u00fcperspor ara\u00e7lar\u0131n karma\u015f\u0131k yap\u0131lar\u0131 ve hassas ayarlar\u0131, \u00f6zel bilgi birikimi gerektirir. Bu nedenle TRN Garaj, arac\u0131n\u0131z\u0131 fabrika \u00e7\u0131k\u0131\u015f\u0131 standartlar\u0131nda tutacak profesyonel \u00e7\u00f6z\u00fcmler sunar. Her bir arac\u0131n \u00f6zg\u00fcn ihtiya\u00e7lar\u0131n\u0131 belirleyerek, ki\u015fiye \u00f6zel hizmetler geli\u015ftiriyoruz.<\/p>\t\t\t\t\t\t<\/div>\n\t\t\t\t<\/div>\n\t\t\t\t<div class=\"elementor-element elementor-element-cc910dc elementor-widget elementor-widget-ld_button\" data-id=\"cc910dc\" data-element_type=\"widget\" data-widget_type=\"ld_button.default\">\n\t\t\t\t<div class=\"elementor-widget-container\">\n\t\t\t\n\t\t\t<a\n\t\t\t\thref=\"#\"class=\"elementor-button btn btn-solid btn-xsm btn-icon-right btn-has-label\"\t\t\t>\n\t\t\t\t\t\t\t\t\t<span data-text=\"Hemen \u0130leti\u015fime Ge\u00e7 \" class=\"btn-txt\">\n\t\t\t\t\t\tHemen \u0130leti\u015fime Ge\u00e7 \t\t\t\t\t<\/span>\n\t\t\t\t\t\t\t\t\t\t\t\t\t\t<span class=\"btn-icon\">\n\t\t\t\t\t\t\t<svg aria-hidden=\"true\" class=\"e-font-icon-svg e-fas-long-arrow-alt-right\" viewbox=\"0 0 448 512\" xmlns=\"http:\/\/www.w3.org\/2000\/svg\"><path d=\"M313.941 216H12c-6.627 0-12 5.373-12 12v56c0 6.627 5.373 12 12 12h301.941v46.059c0 21.382 25.851 32.09 40.971 16.971l86.059-86.059c9.373-9.373 9.373-24.569 0-33.941l-86.059-86.059c-15.119-15.119-40.971-4.411-40.971 16.971V216z\"><\/path><\/svg>\t\t\t\t\t\t<\/span>\n\t\t\t\t\t\t\t\t\t<\/a>\n\t\t\t\t\t<\/div>\n\t\t\t\t<\/div>\n\t\t\t\t<\/div>\n\t\t<div class=\"elementor-element elementor-element-04ef772 e-con-full e-flex e-con e-child\" data-id=\"04ef772\" data-element_type=\"container\">\n\t\t\t\t<div class=\"elementor-element elementor-element-6fafaf4 elementor-widget elementor-widget-image\" data-id=\"6fafaf4\" data-element_type=\"widget\" data-widget_type=\"image.default\">\n\t\t\t\t<div class=\"elementor-widget-container\">\n\t\t\t<style>\/*! elementor - v3.21.0 - 20-05-2024 *\/\n.elementor-widget-image{text-align:center}.elementor-widget-image a{display:inline-block}.elementor-widget-image a img[src$=\".svg\"]{width:48px}.elementor-widget-image img{vertical-align:middle;display:inline-block}<\/style>\t\t\t\t\t\t\t\t\t\t<img fetchpriority=\"high\" decoding=\"async\" width=\"720\" height=\"510\" src=\"https:\/\/www.trngaraj.com\/wp-content\/uploads\/2024\/04\/257726224_479421026721881_8752890775611761143_n-720x510.jpg\" class=\"attachment-liquid-style6-lb size-liquid-style6-lb wp-image-1769\" alt=\"\" \/>\t\t\t\t\t\t\t\t\t\t\t\t\t<\/div>\n\t\t\t\t<\/div>\n\t\t\t\t<\/div>\n\t\t\t\t\t<\/div>\n\t\t\t\t<\/div>\n\t\t<div class=\"elementor-element elementor-element-a88a66b e-flex e-con-boxed e-con e-parent\" data-id=\"a88a66b\" data-element_type=\"container\">\n\t\t\t\t\t<div class=\"e-con-inner\">\n\t\t\t\t<div class=\"elementor-element elementor-element-f1f8d89 elementor-arrows-position-inside elementor-pagination-position-outside elementor-widget elementor-widget-image-carousel\" data-id=\"f1f8d89\" data-element_type=\"widget\" data-settings=\"{&quot;slides_to_show&quot;:&quot;5&quot;,&quot;slides_to_show_mobile&quot;:&quot;2&quot;,&quot;navigation&quot;:&quot;both&quot;,&quot;autoplay&quot;:&quot;yes&quot;,&quot;pause_on_hover&quot;:&quot;yes&quot;,&quot;pause_on_interaction&quot;:&quot;yes&quot;,&quot;autoplay_speed&quot;:5000,&quot;infinite&quot;:&quot;yes&quot;,&quot;speed&quot;:500,&quot;image_spacing_custom&quot;:{&quot;unit&quot;:&quot;px&quot;,&quot;size&quot;:20,&quot;sizes&quot;:[]},&quot;image_spacing_custom_tablet&quot;:{&quot;unit&quot;:&quot;px&quot;,&quot;size&quot;:&quot;&quot;,&quot;sizes&quot;:[]},&quot;image_spacing_custom_mobile&quot;:{&quot;unit&quot;:&quot;px&quot;,&quot;size&quot;:&quot;&quot;,&quot;sizes&quot;:[]}}\" data-widget_type=\"image-carousel.default\">\n\t\t\t\t<div class=\"elementor-widget-container\">\n\t\t\t<style>\/*! elementor - v3.21.0 - 20-05-2024 *\/\n.elementor-widget-image-carousel .swiper,.elementor-widget-image-carousel .swiper-container{position:static}.elementor-widget-image-carousel .swiper-container .swiper-slide figure,.elementor-widget-image-carousel .swiper .swiper-slide figure{line-height:inherit}.elementor-widget-image-carousel .swiper-slide{text-align:center}.elementor-image-carousel-wrapper:not(.swiper-container-initialized):not(.swiper-initialized) .swiper-slide{max-width:calc(100% \/ var(--e-image-carousel-slides-to-show, 3))}<\/style>\t\t<div class=\"elementor-image-carousel-wrapper swiper\" dir=\"ltr\">\n\t\t\t<div class=\"elementor-image-carousel swiper-wrapper\" aria-live=\"off\">\n\t\t\t\t\t\t\t\t<div class=\"swiper-slide\" role=\"group\" aria-roledescription=\"slide\" aria-label=\"1 of 8\"><a data-elementor-open-lightbox=\"yes\" data-elementor-lightbox-slideshow=\"f1f8d89\" data-elementor-lightbox-title=\"klasik-arac-restorasyon (4)\" data-e-action-hash=\"#elementor-action%3Aaction%3Dlightbox%26settings%3DeyJpZCI6MTc1MSwidXJsIjoiaHR0cHM6XC9cL3d3dy50cm5nYXJhai5jb21cL3dwLWNvbnRlbnRcL3VwbG9hZHNcLzIwMjRcLzA0XC9rbGFzaWstYXJhYy1yZXN0b3Jhc3lvbi00LmpwZyIsInNsaWRlc2hvdyI6ImYxZjhkODkifQ%3D%3D\" href=\"https:\/\/www.trngaraj.com\/wp-content\/uploads\/2024\/04\/klasik-arac-restorasyon-4.jpg\"><figure class=\"swiper-slide-inner\"><img decoding=\"async\" class=\"swiper-slide-image\" src=\"https:\/\/www.trngaraj.com\/wp-content\/uploads\/2024\/04\/klasik-arac-restorasyon-4-320x320.jpg\" alt=\"klasik-arac-restorasyon (4)\" \/><\/figure><\/a><\/div><div class=\"swiper-slide\" role=\"group\" aria-roledescription=\"slide\" aria-label=\"2 of 8\"><a data-elementor-open-lightbox=\"yes\" data-elementor-lightbox-slideshow=\"f1f8d89\" data-elementor-lightbox-title=\"klasik-arac-restorasyon (1)\" data-e-action-hash=\"#elementor-action%3Aaction%3Dlightbox%26settings%3DeyJpZCI6MTc1MiwidXJsIjoiaHR0cHM6XC9cL3d3dy50cm5nYXJhai5jb21cL3dwLWNvbnRlbnRcL3VwbG9hZHNcLzIwMjRcLzA0XC9rbGFzaWstYXJhYy1yZXN0b3Jhc3lvbi0xLmpwZyIsInNsaWRlc2hvdyI6ImYxZjhkODkifQ%3D%3D\" href=\"https:\/\/www.trngaraj.com\/wp-content\/uploads\/2024\/04\/klasik-arac-restorasyon-1.jpg\"><figure class=\"swiper-slide-inner\"><img decoding=\"async\" class=\"swiper-slide-image\" src=\"https:\/\/www.trngaraj.com\/wp-content\/uploads\/2024\/04\/klasik-arac-restorasyon-1-320x320.jpg\" alt=\"klasik-arac-restorasyon (1)\" \/><\/figure><\/a><\/div><div class=\"swiper-slide\" role=\"group\" aria-roledescription=\"slide\" aria-label=\"3 of 8\"><a data-elementor-open-lightbox=\"yes\" data-elementor-lightbox-slideshow=\"f1f8d89\" data-elementor-lightbox-title=\"klasik-arac-restorasyon (1)\" data-e-action-hash=\"#elementor-action%3Aaction%3Dlightbox%26settings%3DeyJpZCI6MTc1MywidXJsIjoiaHR0cHM6XC9cL3d3dy50cm5nYXJhai5jb21cL3dwLWNvbnRlbnRcL3VwbG9hZHNcLzIwMjRcLzA0XC9rbGFzaWstYXJhYy1yZXN0b3Jhc3lvbi0xLTEuanBnIiwic2xpZGVzaG93IjoiZjFmOGQ4OSJ9\" href=\"https:\/\/www.trngaraj.com\/wp-content\/uploads\/2024\/04\/klasik-arac-restorasyon-1-1.jpg\"><figure class=\"swiper-slide-inner\"><img decoding=\"async\" class=\"swiper-slide-image\" src=\"https:\/\/www.trngaraj.com\/wp-content\/uploads\/2024\/04\/klasik-arac-restorasyon-1-1-320x320.jpg\" alt=\"klasik-arac-restorasyon (1)\" \/><\/figure><\/a><\/div><div class=\"swiper-slide\" role=\"group\" aria-roledescription=\"slide\" aria-label=\"4 of 8\"><a data-elementor-open-lightbox=\"yes\" data-elementor-lightbox-slideshow=\"f1f8d89\" data-elementor-lightbox-title=\"klasik-arac-restorasyon (1)\" data-e-action-hash=\"#elementor-action%3Aaction%3Dlightbox%26settings%3DeyJpZCI6MTc1NCwidXJsIjoiaHR0cHM6XC9cL3d3dy50cm5nYXJhai5jb21cL3dwLWNvbnRlbnRcL3VwbG9hZHNcLzIwMjRcLzA0XC9rbGFzaWstYXJhYy1yZXN0b3Jhc3lvbi0xLTIuanBnIiwic2xpZGVzaG93IjoiZjFmOGQ4OSJ9\" href=\"https:\/\/www.trngaraj.com\/wp-content\/uploads\/2024\/04\/klasik-arac-restorasyon-1-2.jpg\"><figure class=\"swiper-slide-inner\"><img decoding=\"async\" class=\"swiper-slide-image\" src=\"https:\/\/www.trngaraj.com\/wp-content\/uploads\/2024\/04\/klasik-arac-restorasyon-1-2-320x320.jpg\" alt=\"klasik-arac-restorasyon (1)\" \/><\/figure><\/a><\/div><div class=\"swiper-slide\" role=\"group\" aria-roledescription=\"slide\" aria-label=\"5 of 8\"><a data-elementor-open-lightbox=\"yes\" data-elementor-lightbox-slideshow=\"f1f8d89\" data-elementor-lightbox-title=\"klasik-arac-restorasyon (2)\" data-e-action-hash=\"#elementor-action%3Aaction%3Dlightbox%26settings%3DeyJpZCI6MTc1NSwidXJsIjoiaHR0cHM6XC9cL3d3dy50cm5nYXJhai5jb21cL3dwLWNvbnRlbnRcL3VwbG9hZHNcLzIwMjRcLzA0XC9rbGFzaWstYXJhYy1yZXN0b3Jhc3lvbi0yLmpwZyIsInNsaWRlc2hvdyI6ImYxZjhkODkifQ%3D%3D\" href=\"https:\/\/www.trngaraj.com\/wp-content\/uploads\/2024\/04\/klasik-arac-restorasyon-2.jpg\"><figure class=\"swiper-slide-inner\"><img decoding=\"async\" class=\"swiper-slide-image\" src=\"https:\/\/www.trngaraj.com\/wp-content\/uploads\/2024\/04\/klasik-arac-restorasyon-2-320x320.jpg\" alt=\"klasik-arac-restorasyon (2)\" \/><\/figure><\/a><\/div><div class=\"swiper-slide\" role=\"group\" aria-roledescription=\"slide\" aria-label=\"6 of 8\"><a data-elementor-open-lightbox=\"yes\" data-elementor-lightbox-slideshow=\"f1f8d89\" data-elementor-lightbox-title=\"klasik-arac-restorasyon (2)\" data-e-action-hash=\"#elementor-action%3Aaction%3Dlightbox%26settings%3DeyJpZCI6MTc1NiwidXJsIjoiaHR0cHM6XC9cL3d3dy50cm5nYXJhai5jb21cL3dwLWNvbnRlbnRcL3VwbG9hZHNcLzIwMjRcLzA0XC9rbGFzaWstYXJhYy1yZXN0b3Jhc3lvbi0yLTEuanBnIiwic2xpZGVzaG93IjoiZjFmOGQ4OSJ9\" href=\"https:\/\/www.trngaraj.com\/wp-content\/uploads\/2024\/04\/klasik-arac-restorasyon-2-1.jpg\"><figure class=\"swiper-slide-inner\"><img decoding=\"async\" class=\"swiper-slide-image\" src=\"https:\/\/www.trngaraj.com\/wp-content\/uploads\/2024\/04\/klasik-arac-restorasyon-2-1-320x320.jpg\" alt=\"klasik-arac-restorasyon (2)\" \/><\/figure><\/a><\/div><div class=\"swiper-slide\" role=\"group\" aria-roledescription=\"slide\" aria-label=\"7 of 8\"><a data-elementor-open-lightbox=\"yes\" data-elementor-lightbox-slideshow=\"f1f8d89\" data-elementor-lightbox-title=\"klasik-arac-restorasyon (2)\" data-e-action-hash=\"#elementor-action%3Aaction%3Dlightbox%26settings%3DeyJpZCI6MTc1NywidXJsIjoiaHR0cHM6XC9cL3d3dy50cm5nYXJhai5jb21cL3dwLWNvbnRlbnRcL3VwbG9hZHNcLzIwMjRcLzA0XC9rbGFzaWstYXJhYy1yZXN0b3Jhc3lvbi0yLTIuanBnIiwic2xpZGVzaG93IjoiZjFmOGQ4OSJ9\" href=\"https:\/\/www.trngaraj.com\/wp-content\/uploads\/2024\/04\/klasik-arac-restorasyon-2-2.jpg\"><figure class=\"swiper-slide-inner\"><img decoding=\"async\" class=\"swiper-slide-image\" src=\"https:\/\/www.trngaraj.com\/wp-content\/uploads\/2024\/04\/klasik-arac-restorasyon-2-2-320x320.jpg\" alt=\"klasik-arac-restorasyon (2)\" \/><\/figure><\/a><\/div><div class=\"swiper-slide\" role=\"group\" aria-roledescription=\"slide\" aria-label=\"8 of 8\"><a data-elementor-open-lightbox=\"yes\" data-elementor-lightbox-slideshow=\"f1f8d89\" data-elementor-lightbox-title=\"klasik-arac-restorasyon (3)\" data-e-action-hash=\"#elementor-action%3Aaction%3Dlightbox%26settings%3DeyJpZCI6MTc1OCwidXJsIjoiaHR0cHM6XC9cL3d3dy50cm5nYXJhai5jb21cL3dwLWNvbnRlbnRcL3VwbG9hZHNcLzIwMjRcLzA0XC9rbGFzaWstYXJhYy1yZXN0b3Jhc3lvbi0zLmpwZyIsInNsaWRlc2hvdyI6ImYxZjhkODkifQ%3D%3D\" href=\"https:\/\/www.trngaraj.com\/wp-content\/uploads\/2024\/04\/klasik-arac-restorasyon-3.jpg\"><figure class=\"swiper-slide-inner\"><img decoding=\"async\" class=\"swiper-slide-image\" src=\"https:\/\/www.trngaraj.com\/wp-content\/uploads\/2024\/04\/klasik-arac-restorasyon-3-320x320.jpg\" alt=\"klasik-arac-restorasyon (3)\" \/><\/figure><\/a><\/div>\t\t\t<\/div>\n\t\t\t\t\t\t\t\t\t\t\t\t<div class=\"elementor-swiper-button elementor-swiper-button-prev\" role=\"button\" tabindex=\"0\">\n\t\t\t\t\t\t<svg aria-hidden=\"true\" class=\"e-font-icon-svg e-eicon-chevron-left\" viewbox=\"0 0 1000 1000\" xmlns=\"http:\/\/www.w3.org\/2000\/svg\"><path d=\"M646 125C629 125 613 133 604 142L308 442C296 454 292 471 292 487 292 504 296 521 308 533L604 854C617 867 629 875 646 875 663 875 679 871 692 858 704 846 713 829 713 812 713 796 708 779 692 767L438 487 692 225C700 217 708 204 708 187 708 171 704 154 692 142 675 129 663 125 646 125Z\"><\/path><\/svg>\t\t\t\t\t<\/div>\n\t\t\t\t\t<div class=\"elementor-swiper-button elementor-swiper-button-next\" role=\"button\" tabindex=\"0\">\n\t\t\t\t\t\t<svg aria-hidden=\"true\" class=\"e-font-icon-svg e-eicon-chevron-right\" viewbox=\"0 0 1000 1000\" xmlns=\"http:\/\/www.w3.org\/2000\/svg\"><path d=\"M696 533C708 521 713 504 713 487 713 471 708 454 696 446L400 146C388 133 375 125 354 125 338 125 325 129 313 142 300 154 292 171 292 187 292 204 296 221 308 233L563 492 304 771C292 783 288 800 288 817 288 833 296 850 308 863 321 871 338 875 354 875 371 875 388 867 400 854L696 533Z\"><\/path><\/svg>\t\t\t\t\t<\/div>\n\t\t\t\t\n\t\t\t\t\t\t\t\t\t<div class=\"swiper-pagination\"><\/div>\n\t\t\t\t\t\t\t\t\t<\/div>\n\t\t\t\t<\/div>\n\t\t\t\t<\/div>\n\t\t\t\t\t<\/div>\n\t\t\t\t<\/div>\n\t\t<div class=\"elementor-element elementor-element-64c1761 e-flex e-con-boxed e-con e-parent\" data-id=\"64c1761\" data-element_type=\"container\">\n\t\t\t\t\t<div class=\"e-con-inner\">\n\t\t\t\t<div class=\"elementor-element elementor-element-869be6f elementor-widget elementor-widget-heading\" data-id=\"869be6f\" data-element_type=\"widget\" data-widget_type=\"heading.default\">\n\t\t\t\t<div class=\"elementor-widget-container\">\n\t\t\t<h2 class=\"elementor-heading-title elementor-size-default\">Neler Yapt\u0131k ?<\/h2>\t\t<\/div>\n\t\t\t\t<\/div>\n\t\t\t\t<div class=\"elementor-element elementor-element-5f5bd17 elementor-widget elementor-widget-ld_portfolio\" data-id=\"5f5bd17\" data-element_type=\"widget\" data-widget_type=\"ld_portfolio.default\">\n\t\t\t\t<div class=\"elementor-widget-container\">\n\t\t\t<div class=\"lqd-pf-grid lqd-pf-grid-5f5bd17\"><div id=\"lqd-pf-grid-5f5bd17\" class=\"lqd-pf-row row d-flex flex-wrap lqd-pf-grid-5f5bd17\" data-liquid-masonry=\"true\" data-masonry-options='{ \"layoutMode\": \"packery\" }'><div class=\"lqd-pf-column col-md-4 col-sm-6 col-xs-12 col-sm-6 col-xs-12 masonry-item\">\n\n\t<article id=\"post-1698\" class=\"lqd-pf-item lqd-pf-item-style-6 border-radius-6 p-3 pt-4 lqd-pf-dark post-1698 liquid-portfolio type-liquid-portfolio status-publish format-standard has-post-thumbnail hentry\">\n\t\t<div class=\"lqd-pf-item-inner\">\n\n\t\t\t<div class=\"lqd-pf-img mb-3 pos-rel border-radius-10 overflow-hidden\">\n\t\t\t\t<figure>\n\t\t\t\t\t<figure class=\"w-100\"><img decoding=\"async\" width=\"748\" height=\"512\" src=\"data:image\/svg+xml;charset=utf-8,%3Csvg xmlns%3D&#039;http%3A%2F%2Fwww.w3.org%2F2000%2Fsvg&#039; viewBox%3D&#039;0 0 748 512&#039;%2F%3E\" class=\"w-100 ld-lazyload wp-post-image\" alt=\"\" itemprop=\"image\" data-src=\"https:\/\/www.trngaraj.com\/wp-content\/uploads\/2024\/04\/430139958_18087812359421642_3660583561021315062_n-748x512.jpg\" data-aspect=\"1.4609375\" \/><\/figure>\t\t\t\t<\/figure>\n\t\t\t\t<span class=\"lqd-pf-overlay-bg lqd-overlay d-flex align-items-center justify-content-center\">\n\t\t\t\t<\/span>\n\t\t\t<\/div>\n\n\t\t\t<div class=\"lqd-pf-details\">\n\t\t\t\t<div class=\"d-flex justify-content-between\">\n\t\t\t\t\t\t\t\t\t\t<h2 class=\"lqd-pf-title mt-0 align-items-center h5\">Cadillac Eldorado Brougham Restoraiton<\/h2>\t\t\t\t\t\t\t\t\t<\/div>\n\t\t\t\t\t\t\t<\/div>\n\n\t\t\t<a href=\"https:\/\/www.trngaraj.com\/en\/hizmet\/cadillac-eldorado-brougham-restoraiton\/\"  class=\"lqd-overlay lqd-pf-overlay-link lqd-cc-label-trigger\" ><\/a>\n\t\t<\/div>\n\t<\/article>\n\n<\/div><\/div><\/div>\t\t<\/div>\n\t\t\t\t<\/div>\n\t\t\t\t\t<\/div>\n\t\t\t\t<\/div>\n\t\t\t\t<\/div>","protected":false},"excerpt":{"rendered":"<p>Supersport Tamir Bak\u0131m TRN Garaj olarak, s\u00fcperspor otomobil severler i\u00e7in birinci s\u0131n\u0131f bir hizmet sunuyoruz. Ferrari, Lamborghini, Maserati, McLaren, Bugatti, Aston Martin ve Bentley gibi d\u00fcnyaca \u00fcnl\u00fc markalar\u0131n ara\u00e7lar\u0131na y\u00f6nelik geni\u015f kapsaml\u0131 servislerimizle tan\u0131n\u0131yoruz. Deneyimli ve uzman ekibimiz, bu \u00f6zel ara\u00e7lar\u0131n bak\u0131m ve onar\u0131m ihtiya\u00e7lar\u0131n\u0131 en ince detay\u0131na kadar titizlikle ger\u00e7ekle\u015ftiriyor. Ara\u00e7lar\u0131n\u0131z\u0131 her zaman en [&hellip;]<\/p>","protected":false},"author":1,"featured_media":0,"parent":0,"menu_order":0,"comment_status":"closed","ping_status":"closed","template":"","meta":{"footnotes":""},"class_list":["post-1611","page","type-page","status-publish","hentry"],"_links":{"self":[{"href":"https:\/\/www.trngaraj.com\/en\/wp-json\/wp\/v2\/pages\/1611","targetHints":{"allow":["GET"]}}],"collection":[{"href":"https:\/\/www.trngaraj.com\/en\/wp-json\/wp\/v2\/pages"}],"about":[{"href":"https:\/\/www.trngaraj.com\/en\/wp-json\/wp\/v2\/types\/page"}],"author":[{"embeddable":true,"href":"https:\/\/www.trngaraj.com\/en\/wp-json\/wp\/v2\/users\/1"}],"replies":[{"embeddable":true,"href":"https:\/\/www.trngaraj.com\/en\/wp-json\/wp\/v2\/comments?post=1611"}],"version-history":[{"count":10,"href":"https:\/\/www.trngaraj.com\/en\/wp-json\/wp\/v2\/pages\/1611\/revisions"}],"predecessor-version":[{"id":1775,"href":"https:\/\/www.trngaraj.com\/en\/wp-json\/wp\/v2\/pages\/1611\/revisions\/1775"}],"wp:attachment":[{"href":"https:\/\/www.trngaraj.com\/en\/wp-json\/wp\/v2\/media?parent=1611"}],"curies":[{"name":"wp","href":"https:\/\/api.w.org\/{rel}","templated":true}]}}