{"id":1609,"date":"2024-04-24T08:27:12","date_gmt":"2024-04-24T08:27:12","guid":{"rendered":"https:\/\/www.trngaraj.com\/?page_id=1609"},"modified":"2024-04-25T07:27:24","modified_gmt":"2024-04-25T07:27:24","slug":"motorsporlari","status":"publish","type":"page","link":"https:\/\/www.trngaraj.com\/en\/motorsporlari\/","title":{"rendered":"Motorsporlar\u0131"},"content":{"rendered":"<div data-elementor-type=\"wp-page\" data-elementor-id=\"1609\" class=\"elementor elementor-1609\">\n\t\t\t\t<div class=\"elementor-element elementor-element-7e5cadb e-flex e-con-boxed e-con e-parent\" data-id=\"7e5cadb\" data-element_type=\"container\">\n\t\t\t\t\t<div class=\"e-con-inner\">\n\t\t<div class=\"elementor-element elementor-element-ed379ed e-con-full e-flex e-con e-child\" data-id=\"ed379ed\" data-element_type=\"container\">\n\t\t\t\t<div class=\"elementor-element elementor-element-687578d elementor-widget elementor-widget-heading\" data-id=\"687578d\" data-element_type=\"widget\" data-widget_type=\"heading.default\">\n\t\t\t\t<div class=\"elementor-widget-container\">\n\t\t\t<style>\/*! elementor - v3.21.0 - 20-05-2024 *\/\n.elementor-heading-title{padding:0;margin:0;line-height:1}.elementor-widget-heading .elementor-heading-title[class*=elementor-size-]>a{color:inherit;font-size:inherit;line-height:inherit}.elementor-widget-heading .elementor-heading-title.elementor-size-small{font-size:15px}.elementor-widget-heading .elementor-heading-title.elementor-size-medium{font-size:19px}.elementor-widget-heading .elementor-heading-title.elementor-size-large{font-size:29px}.elementor-widget-heading .elementor-heading-title.elementor-size-xl{font-size:39px}.elementor-widget-heading .elementor-heading-title.elementor-size-xxl{font-size:59px}<\/style><h2 class=\"elementor-heading-title elementor-size-default\">Motorsporlar\u0131\n<\/h2>\t\t<\/div>\n\t\t\t\t<\/div>\n\t\t\t\t<div class=\"elementor-element elementor-element-8dd78ec elementor-widget elementor-widget-text-editor\" data-id=\"8dd78ec\" data-element_type=\"widget\" data-widget_type=\"text-editor.default\">\n\t\t\t\t<div class=\"elementor-widget-container\">\n\t\t\t<style>\/*! elementor - v3.21.0 - 20-05-2024 *\/\n.elementor-widget-text-editor.elementor-drop-cap-view-stacked .elementor-drop-cap{background-color:#69727d;color:#fff}.elementor-widget-text-editor.elementor-drop-cap-view-framed .elementor-drop-cap{color:#69727d;border:3px solid;background-color:transparent}.elementor-widget-text-editor:not(.elementor-drop-cap-view-default) .elementor-drop-cap{margin-top:8px}.elementor-widget-text-editor:not(.elementor-drop-cap-view-default) .elementor-drop-cap-letter{width:1em;height:1em}.elementor-widget-text-editor .elementor-drop-cap{float:left;text-align:center;line-height:1;font-size:50px}.elementor-widget-text-editor .elementor-drop-cap-letter{display:inline-block}<\/style>\t\t\t\t<p>Trn garaj, T\u00fcrkiye Ralli \u015eampiyonas\u0131 ve T\u00fcrkiye T\u0131rmanma \u015eampiyonas\u0131 gibi prestijli otomobil yar\u0131\u015flar\u0131na kat\u0131lan ara\u00e7lar i\u00e7in profesyonel yar\u0131\u015f otomobili servisi sa\u011flamaktad\u0131r. Bu garaj, yar\u0131\u015f otomobillerinin t\u00fcm teknik ihtiya\u00e7lar\u0131n\u0131 kar\u015f\u0131layarak, performanslar\u0131n\u0131 maksimize etmeye y\u00f6nelik uzmanl\u0131k sunar. Yar\u0131\u015flar \u00f6ncesinde, esnas\u0131nda ve sonras\u0131nda otomobillerin bak\u0131m ve onar\u0131mlar\u0131, Trn garaj\u0131n\u0131n deneyimli mekanik ekibi taraf\u0131ndan titizlikle y\u00fcr\u00fct\u00fcl\u00fcr.<\/p><p>Yar\u0131\u015f \u00f6ncesi haz\u0131rl\u0131klar, Trn garaj\u0131nda b\u00fcy\u00fck bir \u00f6zenle ger\u00e7ekle\u015ftirilir. Mekanik ekip, her bir otomobilin motor, \u015fasi ve s\u00fcspansiyon sistemlerini detayl\u0131 bir \u015fekilde kontrol ederek yar\u0131\u015fa haz\u0131r hale getirir. Bu s\u00fcre\u00e7te, ara\u00e7lar\u0131n performans\u0131n\u0131 art\u0131racak ayarlamalar yap\u0131l\u0131r ve olas\u0131 teknik sorunlar \u00f6nceden tespit edilerek giderilir. Bu a\u015fama, yar\u0131\u015f\u0131n ba\u015far\u0131s\u0131 i\u00e7in kritik bir \u00f6neme sahiptir.<\/p>\t\t\t\t\t\t<\/div>\n\t\t\t\t<\/div>\n\t\t\t\t<div class=\"elementor-element elementor-element-36036e6 elementor-widget elementor-widget-ld_button\" data-id=\"36036e6\" data-element_type=\"widget\" data-widget_type=\"ld_button.default\">\n\t\t\t\t<div class=\"elementor-widget-container\">\n\t\t\t\n\t\t\t<a\n\t\t\t\thref=\"#\"class=\"elementor-button btn btn-solid btn-xsm btn-icon-right btn-has-label\"\t\t\t>\n\t\t\t\t\t\t\t\t\t<span data-text=\"Hemen \u0130leti\u015fime Ge\u00e7 \" class=\"btn-txt\">\n\t\t\t\t\t\tHemen \u0130leti\u015fime Ge\u00e7 \t\t\t\t\t<\/span>\n\t\t\t\t\t\t\t\t\t\t\t\t\t\t<span class=\"btn-icon\">\n\t\t\t\t\t\t\t<svg aria-hidden=\"true\" class=\"e-font-icon-svg e-fas-long-arrow-alt-right\" viewbox=\"0 0 448 512\" xmlns=\"http:\/\/www.w3.org\/2000\/svg\"><path d=\"M313.941 216H12c-6.627 0-12 5.373-12 12v56c0 6.627 5.373 12 12 12h301.941v46.059c0 21.382 25.851 32.09 40.971 16.971l86.059-86.059c9.373-9.373 9.373-24.569 0-33.941l-86.059-86.059c-15.119-15.119-40.971-4.411-40.971 16.971V216z\"><\/path><\/svg>\t\t\t\t\t\t<\/span>\n\t\t\t\t\t\t\t\t\t<\/a>\n\t\t\t\t\t<\/div>\n\t\t\t\t<\/div>\n\t\t\t\t<\/div>\n\t\t<div class=\"elementor-element elementor-element-ea919ef e-con-full e-flex e-con e-child\" data-id=\"ea919ef\" data-element_type=\"container\">\n\t\t\t\t<div class=\"elementor-element elementor-element-63d3508 elementor-widget elementor-widget-image\" data-id=\"63d3508\" data-element_type=\"widget\" data-widget_type=\"image.default\">\n\t\t\t\t<div class=\"elementor-widget-container\">\n\t\t\t<style>\/*! elementor - v3.21.0 - 20-05-2024 *\/\n.elementor-widget-image{text-align:center}.elementor-widget-image a{display:inline-block}.elementor-widget-image a img[src$=\".svg\"]{width:48px}.elementor-widget-image img{vertical-align:middle;display:inline-block}<\/style>\t\t\t\t\t\t\t\t\t\t<img fetchpriority=\"high\" decoding=\"async\" width=\"719\" height=\"480\" src=\"https:\/\/www.trngaraj.com\/wp-content\/uploads\/2024\/04\/255301008_322368665938261_6407541968408596675_n.jpg\" class=\"attachment-large size-large wp-image-1655\" alt=\"\" srcset=\"https:\/\/www.trngaraj.com\/wp-content\/uploads\/2024\/04\/255301008_322368665938261_6407541968408596675_n.jpg 719w, https:\/\/www.trngaraj.com\/wp-content\/uploads\/2024\/04\/255301008_322368665938261_6407541968408596675_n-300x200.jpg 300w, https:\/\/www.trngaraj.com\/wp-content\/uploads\/2024\/04\/255301008_322368665938261_6407541968408596675_n-18x12.jpg 18w\" sizes=\"(max-width: 719px) 100vw, 719px\" \/>\t\t\t\t\t\t\t\t\t\t\t\t\t<\/div>\n\t\t\t\t<\/div>\n\t\t\t\t<\/div>\n\t\t\t\t\t<\/div>\n\t\t\t\t<\/div>\n\t\t<div class=\"elementor-element elementor-element-f832e06 e-flex e-con-boxed e-con e-parent\" data-id=\"f832e06\" data-element_type=\"container\">\n\t\t\t\t\t<div class=\"e-con-inner\">\n\t\t\t\t<div class=\"elementor-element elementor-element-43c9d0a elementor-arrows-position-inside elementor-pagination-position-outside elementor-widget elementor-widget-image-carousel\" data-id=\"43c9d0a\" data-element_type=\"widget\" data-settings=\"{&quot;slides_to_show&quot;:&quot;5&quot;,&quot;slides_to_show_mobile&quot;:&quot;2&quot;,&quot;navigation&quot;:&quot;both&quot;,&quot;autoplay&quot;:&quot;yes&quot;,&quot;pause_on_hover&quot;:&quot;yes&quot;,&quot;pause_on_interaction&quot;:&quot;yes&quot;,&quot;autoplay_speed&quot;:5000,&quot;infinite&quot;:&quot;yes&quot;,&quot;speed&quot;:500,&quot;image_spacing_custom&quot;:{&quot;unit&quot;:&quot;px&quot;,&quot;size&quot;:20,&quot;sizes&quot;:[]},&quot;image_spacing_custom_tablet&quot;:{&quot;unit&quot;:&quot;px&quot;,&quot;size&quot;:&quot;&quot;,&quot;sizes&quot;:[]},&quot;image_spacing_custom_mobile&quot;:{&quot;unit&quot;:&quot;px&quot;,&quot;size&quot;:&quot;&quot;,&quot;sizes&quot;:[]}}\" data-widget_type=\"image-carousel.default\">\n\t\t\t\t<div class=\"elementor-widget-container\">\n\t\t\t<style>\/*! elementor - v3.21.0 - 20-05-2024 *\/\n.elementor-widget-image-carousel .swiper,.elementor-widget-image-carousel .swiper-container{position:static}.elementor-widget-image-carousel .swiper-container .swiper-slide figure,.elementor-widget-image-carousel .swiper .swiper-slide figure{line-height:inherit}.elementor-widget-image-carousel .swiper-slide{text-align:center}.elementor-image-carousel-wrapper:not(.swiper-container-initialized):not(.swiper-initialized) .swiper-slide{max-width:calc(100% \/ var(--e-image-carousel-slides-to-show, 3))}<\/style>\t\t<div class=\"elementor-image-carousel-wrapper swiper\" dir=\"ltr\">\n\t\t\t<div class=\"elementor-image-carousel swiper-wrapper\" aria-live=\"off\">\n\t\t\t\t\t\t\t\t<div class=\"swiper-slide\" role=\"group\" aria-roledescription=\"slide\" aria-label=\"1 of 5\"><a data-elementor-open-lightbox=\"yes\" data-elementor-lightbox-slideshow=\"43c9d0a\" data-elementor-lightbox-title=\"trn-garaj-motorsport (5)\" data-e-action-hash=\"#elementor-action%3Aaction%3Dlightbox%26settings%3DeyJpZCI6MTczNiwidXJsIjoiaHR0cHM6XC9cL3d3dy50cm5nYXJhai5jb21cL3dwLWNvbnRlbnRcL3VwbG9hZHNcLzIwMjRcLzA0XC90cm4tZ2FyYWotbW90b3JzcG9ydC01LmpwZyIsInNsaWRlc2hvdyI6IjQzYzlkMGEifQ%3D%3D\" href=\"https:\/\/www.trngaraj.com\/wp-content\/uploads\/2024\/04\/trn-garaj-motorsport-5.jpg\"><figure class=\"swiper-slide-inner\"><img decoding=\"async\" class=\"swiper-slide-image\" src=\"https:\/\/www.trngaraj.com\/wp-content\/uploads\/2024\/04\/trn-garaj-motorsport-5-320x320.jpg\" alt=\"trn-garaj-motorsport (5)\" \/><\/figure><\/a><\/div><div class=\"swiper-slide\" role=\"group\" aria-roledescription=\"slide\" aria-label=\"2 of 5\"><a data-elementor-open-lightbox=\"yes\" data-elementor-lightbox-slideshow=\"43c9d0a\" data-elementor-lightbox-title=\"trn-garaj-motorsport (1)\" data-e-action-hash=\"#elementor-action%3Aaction%3Dlightbox%26settings%3DeyJpZCI6MTczNywidXJsIjoiaHR0cHM6XC9cL3d3dy50cm5nYXJhai5jb21cL3dwLWNvbnRlbnRcL3VwbG9hZHNcLzIwMjRcLzA0XC90cm4tZ2FyYWotbW90b3JzcG9ydC0xLmpwZyIsInNsaWRlc2hvdyI6IjQzYzlkMGEifQ%3D%3D\" href=\"https:\/\/www.trngaraj.com\/wp-content\/uploads\/2024\/04\/trn-garaj-motorsport-1.jpg\"><figure class=\"swiper-slide-inner\"><img decoding=\"async\" class=\"swiper-slide-image\" src=\"https:\/\/www.trngaraj.com\/wp-content\/uploads\/2024\/04\/trn-garaj-motorsport-1-320x320.jpg\" alt=\"trn-garaj-motorsport (1)\" \/><\/figure><\/a><\/div><div class=\"swiper-slide\" role=\"group\" aria-roledescription=\"slide\" aria-label=\"3 of 5\"><a data-elementor-open-lightbox=\"yes\" data-elementor-lightbox-slideshow=\"43c9d0a\" data-elementor-lightbox-title=\"trn-garaj-motorsport (2)\" data-e-action-hash=\"#elementor-action%3Aaction%3Dlightbox%26settings%3DeyJpZCI6MTczOCwidXJsIjoiaHR0cHM6XC9cL3d3dy50cm5nYXJhai5jb21cL3dwLWNvbnRlbnRcL3VwbG9hZHNcLzIwMjRcLzA0XC90cm4tZ2FyYWotbW90b3JzcG9ydC0yLmpwZyIsInNsaWRlc2hvdyI6IjQzYzlkMGEifQ%3D%3D\" href=\"https:\/\/www.trngaraj.com\/wp-content\/uploads\/2024\/04\/trn-garaj-motorsport-2.jpg\"><figure class=\"swiper-slide-inner\"><img decoding=\"async\" class=\"swiper-slide-image\" src=\"https:\/\/www.trngaraj.com\/wp-content\/uploads\/2024\/04\/trn-garaj-motorsport-2-320x320.jpg\" alt=\"trn-garaj-motorsport (2)\" \/><\/figure><\/a><\/div><div class=\"swiper-slide\" role=\"group\" aria-roledescription=\"slide\" aria-label=\"4 of 5\"><a data-elementor-open-lightbox=\"yes\" data-elementor-lightbox-slideshow=\"43c9d0a\" data-elementor-lightbox-title=\"trn-garaj-motorsport (3)\" data-e-action-hash=\"#elementor-action%3Aaction%3Dlightbox%26settings%3DeyJpZCI6MTczOSwidXJsIjoiaHR0cHM6XC9cL3d3dy50cm5nYXJhai5jb21cL3dwLWNvbnRlbnRcL3VwbG9hZHNcLzIwMjRcLzA0XC90cm4tZ2FyYWotbW90b3JzcG9ydC0zLmpwZyIsInNsaWRlc2hvdyI6IjQzYzlkMGEifQ%3D%3D\" href=\"https:\/\/www.trngaraj.com\/wp-content\/uploads\/2024\/04\/trn-garaj-motorsport-3.jpg\"><figure class=\"swiper-slide-inner\"><img decoding=\"async\" class=\"swiper-slide-image\" src=\"https:\/\/www.trngaraj.com\/wp-content\/uploads\/2024\/04\/trn-garaj-motorsport-3-320x320.jpg\" alt=\"trn-garaj-motorsport (3)\" \/><\/figure><\/a><\/div><div class=\"swiper-slide\" role=\"group\" aria-roledescription=\"slide\" aria-label=\"5 of 5\"><a data-elementor-open-lightbox=\"yes\" data-elementor-lightbox-slideshow=\"43c9d0a\" data-elementor-lightbox-title=\"trn-garaj-motorsport (4)\" data-e-action-hash=\"#elementor-action%3Aaction%3Dlightbox%26settings%3DeyJpZCI6MTc0MCwidXJsIjoiaHR0cHM6XC9cL3d3dy50cm5nYXJhai5jb21cL3dwLWNvbnRlbnRcL3VwbG9hZHNcLzIwMjRcLzA0XC90cm4tZ2FyYWotbW90b3JzcG9ydC00LmpwZyIsInNsaWRlc2hvdyI6IjQzYzlkMGEifQ%3D%3D\" href=\"https:\/\/www.trngaraj.com\/wp-content\/uploads\/2024\/04\/trn-garaj-motorsport-4.jpg\"><figure class=\"swiper-slide-inner\"><img decoding=\"async\" class=\"swiper-slide-image\" src=\"https:\/\/www.trngaraj.com\/wp-content\/uploads\/2024\/04\/trn-garaj-motorsport-4-320x320.jpg\" alt=\"trn-garaj-motorsport (4)\" \/><\/figure><\/a><\/div>\t\t\t<\/div>\n\t\t\t\t\t\t\t\t\t\t\t\t<div class=\"elementor-swiper-button elementor-swiper-button-prev\" role=\"button\" tabindex=\"0\">\n\t\t\t\t\t\t<svg aria-hidden=\"true\" class=\"e-font-icon-svg e-eicon-chevron-left\" viewbox=\"0 0 1000 1000\" xmlns=\"http:\/\/www.w3.org\/2000\/svg\"><path d=\"M646 125C629 125 613 133 604 142L308 442C296 454 292 471 292 487 292 504 296 521 308 533L604 854C617 867 629 875 646 875 663 875 679 871 692 858 704 846 713 829 713 812 713 796 708 779 692 767L438 487 692 225C700 217 708 204 708 187 708 171 704 154 692 142 675 129 663 125 646 125Z\"><\/path><\/svg>\t\t\t\t\t<\/div>\n\t\t\t\t\t<div class=\"elementor-swiper-button elementor-swiper-button-next\" role=\"button\" tabindex=\"0\">\n\t\t\t\t\t\t<svg aria-hidden=\"true\" class=\"e-font-icon-svg e-eicon-chevron-right\" viewbox=\"0 0 1000 1000\" xmlns=\"http:\/\/www.w3.org\/2000\/svg\"><path d=\"M696 533C708 521 713 504 713 487 713 471 708 454 696 446L400 146C388 133 375 125 354 125 338 125 325 129 313 142 300 154 292 171 292 187 292 204 296 221 308 233L563 492 304 771C292 783 288 800 288 817 288 833 296 850 308 863 321 871 338 875 354 875 371 875 388 867 400 854L696 533Z\"><\/path><\/svg>\t\t\t\t\t<\/div>\n\t\t\t\t\n\t\t\t\t\t\t\t\t\t<div class=\"swiper-pagination\"><\/div>\n\t\t\t\t\t\t\t\t\t<\/div>\n\t\t\t\t<\/div>\n\t\t\t\t<\/div>\n\t\t\t\t\t<\/div>\n\t\t\t\t<\/div>\n\t\t<div class=\"elementor-element elementor-element-bd783bf e-flex e-con-boxed e-con e-parent\" data-id=\"bd783bf\" data-element_type=\"container\">\n\t\t\t\t\t<div class=\"e-con-inner\">\n\t\t\t\t<div class=\"elementor-element elementor-element-05adf11 elementor-widget elementor-widget-heading\" data-id=\"05adf11\" data-element_type=\"widget\" data-widget_type=\"heading.default\">\n\t\t\t\t<div class=\"elementor-widget-container\">\n\t\t\t<h2 class=\"elementor-heading-title elementor-size-default\">Neler Yapt\u0131k ?<\/h2>\t\t<\/div>\n\t\t\t\t<\/div>\n\t\t\t\t<div class=\"elementor-element elementor-element-c942e24 elementor-widget elementor-widget-ld_portfolio\" data-id=\"c942e24\" data-element_type=\"widget\" data-widget_type=\"ld_portfolio.default\">\n\t\t\t\t<div class=\"elementor-widget-container\">\n\t\t\t<div class=\"lqd-pf-grid lqd-pf-grid-c942e24\"><div id=\"lqd-pf-grid-c942e24\" class=\"lqd-pf-row row d-flex flex-wrap lqd-pf-grid-c942e24\" data-liquid-masonry=\"true\" data-masonry-options='{ \"layoutMode\": \"packery\" }'><div class=\"lqd-pf-column col-md-4 col-sm-6 col-xs-12 col-sm-6 col-xs-12 masonry-item\">\n\n\t<article id=\"post-1698\" class=\"lqd-pf-item lqd-pf-item-style-6 border-radius-6 p-3 pt-4 lqd-pf-dark post-1698 liquid-portfolio type-liquid-portfolio status-publish format-standard has-post-thumbnail hentry\">\n\t\t<div class=\"lqd-pf-item-inner\">\n\n\t\t\t<div class=\"lqd-pf-img mb-3 pos-rel border-radius-10 overflow-hidden\">\n\t\t\t\t<figure>\n\t\t\t\t\t<figure class=\"w-100\"><img decoding=\"async\" width=\"748\" height=\"512\" src=\"data:image\/svg+xml;charset=utf-8,%3Csvg xmlns%3D&#039;http%3A%2F%2Fwww.w3.org%2F2000%2Fsvg&#039; viewBox%3D&#039;0 0 748 512&#039;%2F%3E\" class=\"w-100 ld-lazyload wp-post-image\" alt=\"\" itemprop=\"image\" data-src=\"https:\/\/www.trngaraj.com\/wp-content\/uploads\/2024\/04\/430139958_18087812359421642_3660583561021315062_n-748x512.jpg\" data-aspect=\"1.4609375\" \/><\/figure>\t\t\t\t<\/figure>\n\t\t\t\t<span class=\"lqd-pf-overlay-bg lqd-overlay d-flex align-items-center justify-content-center\">\n\t\t\t\t<\/span>\n\t\t\t<\/div>\n\n\t\t\t<div class=\"lqd-pf-details\">\n\t\t\t\t<div class=\"d-flex justify-content-between\">\n\t\t\t\t\t\t\t\t\t\t<h2 class=\"lqd-pf-title mt-0 align-items-center h5\">Cadillac Eldorado Brougham Restoraiton<\/h2>\t\t\t\t\t\t\t\t\t<\/div>\n\t\t\t\t\t\t\t<\/div>\n\n\t\t\t<a href=\"https:\/\/www.trngaraj.com\/en\/hizmet\/cadillac-eldorado-brougham-restoraiton\/\"  class=\"lqd-overlay lqd-pf-overlay-link lqd-cc-label-trigger\" ><\/a>\n\t\t<\/div>\n\t<\/article>\n\n<\/div><\/div><\/div>\t\t<\/div>\n\t\t\t\t<\/div>\n\t\t\t\t\t<\/div>\n\t\t\t\t<\/div>\n\t\t\t\t<\/div>","protected":false},"excerpt":{"rendered":"<p>Motorsporlar\u0131 Trn garaj, T\u00fcrkiye Ralli \u015eampiyonas\u0131 ve T\u00fcrkiye T\u0131rmanma \u015eampiyonas\u0131 gibi prestijli otomobil yar\u0131\u015flar\u0131na kat\u0131lan ara\u00e7lar i\u00e7in profesyonel yar\u0131\u015f otomobili servisi sa\u011flamaktad\u0131r. Bu garaj, yar\u0131\u015f otomobillerinin t\u00fcm teknik ihtiya\u00e7lar\u0131n\u0131 kar\u015f\u0131layarak, performanslar\u0131n\u0131 maksimize etmeye y\u00f6nelik uzmanl\u0131k sunar. Yar\u0131\u015flar \u00f6ncesinde, esnas\u0131nda ve sonras\u0131nda otomobillerin bak\u0131m ve onar\u0131mlar\u0131, Trn garaj\u0131n\u0131n deneyimli mekanik ekibi taraf\u0131ndan titizlikle y\u00fcr\u00fct\u00fcl\u00fcr. Yar\u0131\u015f \u00f6ncesi [&hellip;]<\/p>","protected":false},"author":1,"featured_media":0,"parent":0,"menu_order":0,"comment_status":"closed","ping_status":"closed","template":"","meta":{"footnotes":""},"class_list":["post-1609","page","type-page","status-publish","hentry"],"_links":{"self":[{"href":"https:\/\/www.trngaraj.com\/en\/wp-json\/wp\/v2\/pages\/1609","targetHints":{"allow":["GET"]}}],"collection":[{"href":"https:\/\/www.trngaraj.com\/en\/wp-json\/wp\/v2\/pages"}],"about":[{"href":"https:\/\/www.trngaraj.com\/en\/wp-json\/wp\/v2\/types\/page"}],"author":[{"embeddable":true,"href":"https:\/\/www.trngaraj.com\/en\/wp-json\/wp\/v2\/users\/1"}],"replies":[{"embeddable":true,"href":"https:\/\/www.trngaraj.com\/en\/wp-json\/wp\/v2\/comments?post=1609"}],"version-history":[{"count":22,"href":"https:\/\/www.trngaraj.com\/en\/wp-json\/wp\/v2\/pages\/1609\/revisions"}],"predecessor-version":[{"id":1749,"href":"https:\/\/www.trngaraj.com\/en\/wp-json\/wp\/v2\/pages\/1609\/revisions\/1749"}],"wp:attachment":[{"href":"https:\/\/www.trngaraj.com\/en\/wp-json\/wp\/v2\/media?parent=1609"}],"curies":[{"name":"wp","href":"https:\/\/api.w.org\/{rel}","templated":true}]}}