{"id":1607,"date":"2024-04-24T08:27:04","date_gmt":"2024-04-24T08:27:04","guid":{"rendered":"https:\/\/www.trngaraj.com\/?page_id=1607"},"modified":"2024-04-25T07:35:28","modified_gmt":"2024-04-25T07:35:28","slug":"klasik-otomobil-restorasyonu","status":"publish","type":"page","link":"https:\/\/www.trngaraj.com\/en\/klasik-otomobil-restorasyonu\/","title":{"rendered":"Klasik Otomobil Restorasyonu"},"content":{"rendered":"<div data-elementor-type=\"wp-page\" data-elementor-id=\"1607\" class=\"elementor elementor-1607\">\n\t\t\t\t<div class=\"elementor-element elementor-element-42ba89e e-flex e-con-boxed e-con e-parent\" data-id=\"42ba89e\" data-element_type=\"container\">\n\t\t\t\t\t<div class=\"e-con-inner\">\n\t\t<div class=\"elementor-element elementor-element-d5e885c e-con-full e-flex e-con e-child\" data-id=\"d5e885c\" data-element_type=\"container\">\n\t\t\t\t<div class=\"elementor-element elementor-element-5ea5519 elementor-widget elementor-widget-heading\" data-id=\"5ea5519\" data-element_type=\"widget\" data-widget_type=\"heading.default\">\n\t\t\t\t<div class=\"elementor-widget-container\">\n\t\t\t<style>\/*! elementor - v3.21.0 - 20-05-2024 *\/\n.elementor-heading-title{padding:0;margin:0;line-height:1}.elementor-widget-heading .elementor-heading-title[class*=elementor-size-]>a{color:inherit;font-size:inherit;line-height:inherit}.elementor-widget-heading .elementor-heading-title.elementor-size-small{font-size:15px}.elementor-widget-heading .elementor-heading-title.elementor-size-medium{font-size:19px}.elementor-widget-heading .elementor-heading-title.elementor-size-large{font-size:29px}.elementor-widget-heading .elementor-heading-title.elementor-size-xl{font-size:39px}.elementor-widget-heading .elementor-heading-title.elementor-size-xxl{font-size:59px}<\/style><h2 class=\"elementor-heading-title elementor-size-default\">Klasik Otomobil Restorasyonu\n<\/h2>\t\t<\/div>\n\t\t\t\t<\/div>\n\t\t\t\t<div class=\"elementor-element elementor-element-c5c6e29 elementor-widget elementor-widget-text-editor\" data-id=\"c5c6e29\" data-element_type=\"widget\" data-widget_type=\"text-editor.default\">\n\t\t\t\t<div class=\"elementor-widget-container\">\n\t\t\t<style>\/*! elementor - v3.21.0 - 20-05-2024 *\/\n.elementor-widget-text-editor.elementor-drop-cap-view-stacked .elementor-drop-cap{background-color:#69727d;color:#fff}.elementor-widget-text-editor.elementor-drop-cap-view-framed .elementor-drop-cap{color:#69727d;border:3px solid;background-color:transparent}.elementor-widget-text-editor:not(.elementor-drop-cap-view-default) .elementor-drop-cap{margin-top:8px}.elementor-widget-text-editor:not(.elementor-drop-cap-view-default) .elementor-drop-cap-letter{width:1em;height:1em}.elementor-widget-text-editor .elementor-drop-cap{float:left;text-align:center;line-height:1;font-size:50px}.elementor-widget-text-editor .elementor-drop-cap-letter{display:inline-block}<\/style>\t\t\t\t<p>Trn garaj Avrupa ve Ortado\u011fu\u2019nun en prestijli klasik otomobillerine ev sahipli\u011fi yapm\u0131\u015ft\u0131r ve yapmaya devam etmektedir. \u201cDream Car \u201c halk dilinde adland\u0131r\u0131lan ikonik otomobiller konusunda uzman kadrosuyla ba\u015fta Ferrari, Lamborghini, Rolls Royce, Bugatti gibi d\u00fcnyaca \u00fcnl\u00fc s\u00fcper markalar\u0131n klasik ara\u00e7lar\u0131n\u0131 yapmaktad\u0131r ve yapmaya devam etmektedir. Tamamen d\u00fcnya standartlar\u0131nda yap\u0131lan yenileme ve restorasyon \u00e7al\u0131\u015fmalar\u0131 en ince ayr\u0131nt\u0131s\u0131na kadar d\u00fc\u015f\u00fclenerek tamamlanmaktad\u0131r. D\u00fcnyan\u0131n farkl\u0131 \u00fclkelerindeki firmalar ile \u00e7\u00f6z\u00fcm orta\u011f\u0131 olan TRN GARAJ yedek par\u00e7a konusundada m\u00fc\u015fterilerini ma\u011fdur etmemektedir. Kendi b\u00fcnyesinde bar\u0131nd\u0131rd\u0131\u011f\u0131 departman\u0131nda cnc ve 3d printer destekli par\u00e7a \u00fcretimide yapmaktad\u0131r. Klasik otomobil konusunda T\u00fcrkiye\u2019de ve d\u00fcnya da en iddial\u0131 \u015fekilde emin ad\u0131mlarla\u00a0ilerlemektedir.<\/p>\t\t\t\t\t\t<\/div>\n\t\t\t\t<\/div>\n\t\t\t\t<div class=\"elementor-element elementor-element-9126e41 elementor-widget elementor-widget-ld_button\" data-id=\"9126e41\" data-element_type=\"widget\" data-widget_type=\"ld_button.default\">\n\t\t\t\t<div class=\"elementor-widget-container\">\n\t\t\t\n\t\t\t<a\n\t\t\t\thref=\"#\"class=\"elementor-button btn btn-solid btn-xsm btn-icon-right btn-has-label\"\t\t\t>\n\t\t\t\t\t\t\t\t\t<span data-text=\"Hemen \u0130leti\u015fime Ge\u00e7 \" class=\"btn-txt\">\n\t\t\t\t\t\tHemen \u0130leti\u015fime Ge\u00e7 \t\t\t\t\t<\/span>\n\t\t\t\t\t\t\t\t\t\t\t\t\t\t<span class=\"btn-icon\">\n\t\t\t\t\t\t\t<svg aria-hidden=\"true\" class=\"e-font-icon-svg e-fas-long-arrow-alt-right\" viewbox=\"0 0 448 512\" xmlns=\"http:\/\/www.w3.org\/2000\/svg\"><path d=\"M313.941 216H12c-6.627 0-12 5.373-12 12v56c0 6.627 5.373 12 12 12h301.941v46.059c0 21.382 25.851 32.09 40.971 16.971l86.059-86.059c9.373-9.373 9.373-24.569 0-33.941l-86.059-86.059c-15.119-15.119-40.971-4.411-40.971 16.971V216z\"><\/path><\/svg>\t\t\t\t\t\t<\/span>\n\t\t\t\t\t\t\t\t\t<\/a>\n\t\t\t\t\t<\/div>\n\t\t\t\t<\/div>\n\t\t\t\t<\/div>\n\t\t<div class=\"elementor-element elementor-element-32046ec e-con-full e-flex e-con e-child\" data-id=\"32046ec\" data-element_type=\"container\">\n\t\t\t\t<div class=\"elementor-element elementor-element-3d139f3 elementor-widget elementor-widget-image\" data-id=\"3d139f3\" data-element_type=\"widget\" data-widget_type=\"image.default\">\n\t\t\t\t<div class=\"elementor-widget-container\">\n\t\t\t<style>\/*! elementor - v3.21.0 - 20-05-2024 *\/\n.elementor-widget-image{text-align:center}.elementor-widget-image a{display:inline-block}.elementor-widget-image a img[src$=\".svg\"]{width:48px}.elementor-widget-image img{vertical-align:middle;display:inline-block}<\/style>\t\t\t\t\t\t\t\t\t\t<img fetchpriority=\"high\" decoding=\"async\" width=\"720\" height=\"510\" src=\"https:\/\/www.trngaraj.com\/wp-content\/uploads\/2024\/04\/klasik-otomobil-restorasyon-720x510.jpg\" class=\"attachment-liquid-style6-lb size-liquid-style6-lb wp-image-1762\" alt=\"\" srcset=\"https:\/\/www.trngaraj.com\/wp-content\/uploads\/2024\/04\/klasik-otomobil-restorasyon-720x510.jpg 720w, https:\/\/www.trngaraj.com\/wp-content\/uploads\/2024\/04\/klasik-otomobil-restorasyon-16x12.jpg 16w\" sizes=\"(max-width: 720px) 100vw, 720px\" \/>\t\t\t\t\t\t\t\t\t\t\t\t\t<\/div>\n\t\t\t\t<\/div>\n\t\t\t\t<\/div>\n\t\t\t\t\t<\/div>\n\t\t\t\t<\/div>\n\t\t<div class=\"elementor-element elementor-element-c1cac23 e-flex e-con-boxed e-con e-parent\" data-id=\"c1cac23\" data-element_type=\"container\">\n\t\t\t\t\t<div class=\"e-con-inner\">\n\t\t\t\t<div class=\"elementor-element elementor-element-2f93fcc elementor-arrows-position-inside elementor-pagination-position-outside elementor-widget elementor-widget-image-carousel\" data-id=\"2f93fcc\" data-element_type=\"widget\" data-settings=\"{&quot;slides_to_show&quot;:&quot;5&quot;,&quot;slides_to_show_mobile&quot;:&quot;2&quot;,&quot;navigation&quot;:&quot;both&quot;,&quot;autoplay&quot;:&quot;yes&quot;,&quot;pause_on_hover&quot;:&quot;yes&quot;,&quot;pause_on_interaction&quot;:&quot;yes&quot;,&quot;autoplay_speed&quot;:5000,&quot;infinite&quot;:&quot;yes&quot;,&quot;speed&quot;:500,&quot;image_spacing_custom&quot;:{&quot;unit&quot;:&quot;px&quot;,&quot;size&quot;:20,&quot;sizes&quot;:[]},&quot;image_spacing_custom_tablet&quot;:{&quot;unit&quot;:&quot;px&quot;,&quot;size&quot;:&quot;&quot;,&quot;sizes&quot;:[]},&quot;image_spacing_custom_mobile&quot;:{&quot;unit&quot;:&quot;px&quot;,&quot;size&quot;:&quot;&quot;,&quot;sizes&quot;:[]}}\" data-widget_type=\"image-carousel.default\">\n\t\t\t\t<div class=\"elementor-widget-container\">\n\t\t\t<style>\/*! elementor - v3.21.0 - 20-05-2024 *\/\n.elementor-widget-image-carousel .swiper,.elementor-widget-image-carousel .swiper-container{position:static}.elementor-widget-image-carousel .swiper-container .swiper-slide figure,.elementor-widget-image-carousel .swiper .swiper-slide figure{line-height:inherit}.elementor-widget-image-carousel .swiper-slide{text-align:center}.elementor-image-carousel-wrapper:not(.swiper-container-initialized):not(.swiper-initialized) .swiper-slide{max-width:calc(100% \/ var(--e-image-carousel-slides-to-show, 3))}<\/style>\t\t<div class=\"elementor-image-carousel-wrapper swiper\" dir=\"ltr\">\n\t\t\t<div class=\"elementor-image-carousel swiper-wrapper\" aria-live=\"off\">\n\t\t\t\t\t\t\t\t<div class=\"swiper-slide\" role=\"group\" aria-roledescription=\"slide\" aria-label=\"1 of 8\"><a data-elementor-open-lightbox=\"yes\" data-elementor-lightbox-slideshow=\"2f93fcc\" data-elementor-lightbox-title=\"klasik-arac-restorasyon (4)\" data-e-action-hash=\"#elementor-action%3Aaction%3Dlightbox%26settings%3DeyJpZCI6MTc1MSwidXJsIjoiaHR0cHM6XC9cL3d3dy50cm5nYXJhai5jb21cL3dwLWNvbnRlbnRcL3VwbG9hZHNcLzIwMjRcLzA0XC9rbGFzaWstYXJhYy1yZXN0b3Jhc3lvbi00LmpwZyIsInNsaWRlc2hvdyI6IjJmOTNmY2MifQ%3D%3D\" href=\"https:\/\/www.trngaraj.com\/wp-content\/uploads\/2024\/04\/klasik-arac-restorasyon-4.jpg\"><figure class=\"swiper-slide-inner\"><img decoding=\"async\" class=\"swiper-slide-image\" src=\"https:\/\/www.trngaraj.com\/wp-content\/uploads\/2024\/04\/klasik-arac-restorasyon-4-320x320.jpg\" alt=\"klasik-arac-restorasyon (4)\" \/><\/figure><\/a><\/div><div class=\"swiper-slide\" role=\"group\" aria-roledescription=\"slide\" aria-label=\"2 of 8\"><a data-elementor-open-lightbox=\"yes\" data-elementor-lightbox-slideshow=\"2f93fcc\" data-elementor-lightbox-title=\"klasik-arac-restorasyon (1)\" data-e-action-hash=\"#elementor-action%3Aaction%3Dlightbox%26settings%3DeyJpZCI6MTc1MiwidXJsIjoiaHR0cHM6XC9cL3d3dy50cm5nYXJhai5jb21cL3dwLWNvbnRlbnRcL3VwbG9hZHNcLzIwMjRcLzA0XC9rbGFzaWstYXJhYy1yZXN0b3Jhc3lvbi0xLmpwZyIsInNsaWRlc2hvdyI6IjJmOTNmY2MifQ%3D%3D\" href=\"https:\/\/www.trngaraj.com\/wp-content\/uploads\/2024\/04\/klasik-arac-restorasyon-1.jpg\"><figure class=\"swiper-slide-inner\"><img decoding=\"async\" class=\"swiper-slide-image\" src=\"https:\/\/www.trngaraj.com\/wp-content\/uploads\/2024\/04\/klasik-arac-restorasyon-1-320x320.jpg\" alt=\"klasik-arac-restorasyon (1)\" \/><\/figure><\/a><\/div><div class=\"swiper-slide\" role=\"group\" aria-roledescription=\"slide\" aria-label=\"3 of 8\"><a data-elementor-open-lightbox=\"yes\" data-elementor-lightbox-slideshow=\"2f93fcc\" data-elementor-lightbox-title=\"klasik-arac-restorasyon (1)\" data-e-action-hash=\"#elementor-action%3Aaction%3Dlightbox%26settings%3DeyJpZCI6MTc1MywidXJsIjoiaHR0cHM6XC9cL3d3dy50cm5nYXJhai5jb21cL3dwLWNvbnRlbnRcL3VwbG9hZHNcLzIwMjRcLzA0XC9rbGFzaWstYXJhYy1yZXN0b3Jhc3lvbi0xLTEuanBnIiwic2xpZGVzaG93IjoiMmY5M2ZjYyJ9\" href=\"https:\/\/www.trngaraj.com\/wp-content\/uploads\/2024\/04\/klasik-arac-restorasyon-1-1.jpg\"><figure class=\"swiper-slide-inner\"><img decoding=\"async\" class=\"swiper-slide-image\" src=\"https:\/\/www.trngaraj.com\/wp-content\/uploads\/2024\/04\/klasik-arac-restorasyon-1-1-320x320.jpg\" alt=\"klasik-arac-restorasyon (1)\" \/><\/figure><\/a><\/div><div class=\"swiper-slide\" role=\"group\" aria-roledescription=\"slide\" aria-label=\"4 of 8\"><a data-elementor-open-lightbox=\"yes\" data-elementor-lightbox-slideshow=\"2f93fcc\" data-elementor-lightbox-title=\"klasik-arac-restorasyon (1)\" data-e-action-hash=\"#elementor-action%3Aaction%3Dlightbox%26settings%3DeyJpZCI6MTc1NCwidXJsIjoiaHR0cHM6XC9cL3d3dy50cm5nYXJhai5jb21cL3dwLWNvbnRlbnRcL3VwbG9hZHNcLzIwMjRcLzA0XC9rbGFzaWstYXJhYy1yZXN0b3Jhc3lvbi0xLTIuanBnIiwic2xpZGVzaG93IjoiMmY5M2ZjYyJ9\" href=\"https:\/\/www.trngaraj.com\/wp-content\/uploads\/2024\/04\/klasik-arac-restorasyon-1-2.jpg\"><figure class=\"swiper-slide-inner\"><img decoding=\"async\" class=\"swiper-slide-image\" src=\"https:\/\/www.trngaraj.com\/wp-content\/uploads\/2024\/04\/klasik-arac-restorasyon-1-2-320x320.jpg\" alt=\"klasik-arac-restorasyon (1)\" \/><\/figure><\/a><\/div><div class=\"swiper-slide\" role=\"group\" aria-roledescription=\"slide\" aria-label=\"5 of 8\"><a data-elementor-open-lightbox=\"yes\" data-elementor-lightbox-slideshow=\"2f93fcc\" data-elementor-lightbox-title=\"klasik-arac-restorasyon (2)\" data-e-action-hash=\"#elementor-action%3Aaction%3Dlightbox%26settings%3DeyJpZCI6MTc1NSwidXJsIjoiaHR0cHM6XC9cL3d3dy50cm5nYXJhai5jb21cL3dwLWNvbnRlbnRcL3VwbG9hZHNcLzIwMjRcLzA0XC9rbGFzaWstYXJhYy1yZXN0b3Jhc3lvbi0yLmpwZyIsInNsaWRlc2hvdyI6IjJmOTNmY2MifQ%3D%3D\" href=\"https:\/\/www.trngaraj.com\/wp-content\/uploads\/2024\/04\/klasik-arac-restorasyon-2.jpg\"><figure class=\"swiper-slide-inner\"><img decoding=\"async\" class=\"swiper-slide-image\" src=\"https:\/\/www.trngaraj.com\/wp-content\/uploads\/2024\/04\/klasik-arac-restorasyon-2-320x320.jpg\" alt=\"klasik-arac-restorasyon (2)\" \/><\/figure><\/a><\/div><div class=\"swiper-slide\" role=\"group\" aria-roledescription=\"slide\" aria-label=\"6 of 8\"><a data-elementor-open-lightbox=\"yes\" data-elementor-lightbox-slideshow=\"2f93fcc\" data-elementor-lightbox-title=\"klasik-arac-restorasyon (2)\" data-e-action-hash=\"#elementor-action%3Aaction%3Dlightbox%26settings%3DeyJpZCI6MTc1NiwidXJsIjoiaHR0cHM6XC9cL3d3dy50cm5nYXJhai5jb21cL3dwLWNvbnRlbnRcL3VwbG9hZHNcLzIwMjRcLzA0XC9rbGFzaWstYXJhYy1yZXN0b3Jhc3lvbi0yLTEuanBnIiwic2xpZGVzaG93IjoiMmY5M2ZjYyJ9\" href=\"https:\/\/www.trngaraj.com\/wp-content\/uploads\/2024\/04\/klasik-arac-restorasyon-2-1.jpg\"><figure class=\"swiper-slide-inner\"><img decoding=\"async\" class=\"swiper-slide-image\" src=\"https:\/\/www.trngaraj.com\/wp-content\/uploads\/2024\/04\/klasik-arac-restorasyon-2-1-320x320.jpg\" alt=\"klasik-arac-restorasyon (2)\" \/><\/figure><\/a><\/div><div class=\"swiper-slide\" role=\"group\" aria-roledescription=\"slide\" aria-label=\"7 of 8\"><a data-elementor-open-lightbox=\"yes\" data-elementor-lightbox-slideshow=\"2f93fcc\" data-elementor-lightbox-title=\"klasik-arac-restorasyon (2)\" data-e-action-hash=\"#elementor-action%3Aaction%3Dlightbox%26settings%3DeyJpZCI6MTc1NywidXJsIjoiaHR0cHM6XC9cL3d3dy50cm5nYXJhai5jb21cL3dwLWNvbnRlbnRcL3VwbG9hZHNcLzIwMjRcLzA0XC9rbGFzaWstYXJhYy1yZXN0b3Jhc3lvbi0yLTIuanBnIiwic2xpZGVzaG93IjoiMmY5M2ZjYyJ9\" href=\"https:\/\/www.trngaraj.com\/wp-content\/uploads\/2024\/04\/klasik-arac-restorasyon-2-2.jpg\"><figure class=\"swiper-slide-inner\"><img decoding=\"async\" class=\"swiper-slide-image\" src=\"https:\/\/www.trngaraj.com\/wp-content\/uploads\/2024\/04\/klasik-arac-restorasyon-2-2-320x320.jpg\" alt=\"klasik-arac-restorasyon (2)\" \/><\/figure><\/a><\/div><div class=\"swiper-slide\" role=\"group\" aria-roledescription=\"slide\" aria-label=\"8 of 8\"><a data-elementor-open-lightbox=\"yes\" data-elementor-lightbox-slideshow=\"2f93fcc\" data-elementor-lightbox-title=\"klasik-arac-restorasyon (3)\" data-e-action-hash=\"#elementor-action%3Aaction%3Dlightbox%26settings%3DeyJpZCI6MTc1OCwidXJsIjoiaHR0cHM6XC9cL3d3dy50cm5nYXJhai5jb21cL3dwLWNvbnRlbnRcL3VwbG9hZHNcLzIwMjRcLzA0XC9rbGFzaWstYXJhYy1yZXN0b3Jhc3lvbi0zLmpwZyIsInNsaWRlc2hvdyI6IjJmOTNmY2MifQ%3D%3D\" href=\"https:\/\/www.trngaraj.com\/wp-content\/uploads\/2024\/04\/klasik-arac-restorasyon-3.jpg\"><figure class=\"swiper-slide-inner\"><img decoding=\"async\" class=\"swiper-slide-image\" src=\"https:\/\/www.trngaraj.com\/wp-content\/uploads\/2024\/04\/klasik-arac-restorasyon-3-320x320.jpg\" alt=\"klasik-arac-restorasyon (3)\" \/><\/figure><\/a><\/div>\t\t\t<\/div>\n\t\t\t\t\t\t\t\t\t\t\t\t<div class=\"elementor-swiper-button elementor-swiper-button-prev\" role=\"button\" tabindex=\"0\">\n\t\t\t\t\t\t<svg aria-hidden=\"true\" class=\"e-font-icon-svg e-eicon-chevron-left\" viewbox=\"0 0 1000 1000\" xmlns=\"http:\/\/www.w3.org\/2000\/svg\"><path d=\"M646 125C629 125 613 133 604 142L308 442C296 454 292 471 292 487 292 504 296 521 308 533L604 854C617 867 629 875 646 875 663 875 679 871 692 858 704 846 713 829 713 812 713 796 708 779 692 767L438 487 692 225C700 217 708 204 708 187 708 171 704 154 692 142 675 129 663 125 646 125Z\"><\/path><\/svg>\t\t\t\t\t<\/div>\n\t\t\t\t\t<div class=\"elementor-swiper-button elementor-swiper-button-next\" role=\"button\" tabindex=\"0\">\n\t\t\t\t\t\t<svg aria-hidden=\"true\" class=\"e-font-icon-svg e-eicon-chevron-right\" viewbox=\"0 0 1000 1000\" xmlns=\"http:\/\/www.w3.org\/2000\/svg\"><path d=\"M696 533C708 521 713 504 713 487 713 471 708 454 696 446L400 146C388 133 375 125 354 125 338 125 325 129 313 142 300 154 292 171 292 187 292 204 296 221 308 233L563 492 304 771C292 783 288 800 288 817 288 833 296 850 308 863 321 871 338 875 354 875 371 875 388 867 400 854L696 533Z\"><\/path><\/svg>\t\t\t\t\t<\/div>\n\t\t\t\t\n\t\t\t\t\t\t\t\t\t<div class=\"swiper-pagination\"><\/div>\n\t\t\t\t\t\t\t\t\t<\/div>\n\t\t\t\t<\/div>\n\t\t\t\t<\/div>\n\t\t\t\t\t<\/div>\n\t\t\t\t<\/div>\n\t\t<div class=\"elementor-element elementor-element-a6e0961 e-flex e-con-boxed e-con e-parent\" data-id=\"a6e0961\" data-element_type=\"container\">\n\t\t\t\t\t<div class=\"e-con-inner\">\n\t\t\t\t<div class=\"elementor-element elementor-element-2eb16e1 elementor-widget elementor-widget-heading\" data-id=\"2eb16e1\" data-element_type=\"widget\" data-widget_type=\"heading.default\">\n\t\t\t\t<div class=\"elementor-widget-container\">\n\t\t\t<h2 class=\"elementor-heading-title elementor-size-default\">Neler Yapt\u0131k ?<\/h2>\t\t<\/div>\n\t\t\t\t<\/div>\n\t\t\t\t<div class=\"elementor-element elementor-element-69b84fc elementor-widget elementor-widget-ld_portfolio\" data-id=\"69b84fc\" data-element_type=\"widget\" data-widget_type=\"ld_portfolio.default\">\n\t\t\t\t<div class=\"elementor-widget-container\">\n\t\t\t<div class=\"lqd-pf-grid lqd-pf-grid-69b84fc\"><div id=\"lqd-pf-grid-69b84fc\" class=\"lqd-pf-row row d-flex flex-wrap lqd-pf-grid-69b84fc\" data-liquid-masonry=\"true\" data-masonry-options='{ \"layoutMode\": \"packery\" }'><div class=\"lqd-pf-column col-md-4 col-sm-6 col-xs-12 col-sm-6 col-xs-12 masonry-item\">\n\n\t<article id=\"post-1698\" class=\"lqd-pf-item lqd-pf-item-style-6 border-radius-6 p-3 pt-4 lqd-pf-dark post-1698 liquid-portfolio type-liquid-portfolio status-publish format-standard has-post-thumbnail hentry\">\n\t\t<div class=\"lqd-pf-item-inner\">\n\n\t\t\t<div class=\"lqd-pf-img mb-3 pos-rel border-radius-10 overflow-hidden\">\n\t\t\t\t<figure>\n\t\t\t\t\t<figure class=\"w-100\"><img decoding=\"async\" width=\"748\" height=\"512\" src=\"data:image\/svg+xml;charset=utf-8,%3Csvg xmlns%3D&#039;http%3A%2F%2Fwww.w3.org%2F2000%2Fsvg&#039; viewBox%3D&#039;0 0 748 512&#039;%2F%3E\" class=\"w-100 ld-lazyload wp-post-image\" alt=\"\" itemprop=\"image\" data-src=\"https:\/\/www.trngaraj.com\/wp-content\/uploads\/2024\/04\/430139958_18087812359421642_3660583561021315062_n-748x512.jpg\" data-aspect=\"1.4609375\" \/><\/figure>\t\t\t\t<\/figure>\n\t\t\t\t<span class=\"lqd-pf-overlay-bg lqd-overlay d-flex align-items-center justify-content-center\">\n\t\t\t\t<\/span>\n\t\t\t<\/div>\n\n\t\t\t<div class=\"lqd-pf-details\">\n\t\t\t\t<div class=\"d-flex justify-content-between\">\n\t\t\t\t\t\t\t\t\t\t<h2 class=\"lqd-pf-title mt-0 align-items-center h5\">Cadillac Eldorado Brougham Restoraiton<\/h2>\t\t\t\t\t\t\t\t\t<\/div>\n\t\t\t\t\t\t\t<\/div>\n\n\t\t\t<a href=\"https:\/\/www.trngaraj.com\/en\/hizmet\/cadillac-eldorado-brougham-restoraiton\/\"  class=\"lqd-overlay lqd-pf-overlay-link lqd-cc-label-trigger\" ><\/a>\n\t\t<\/div>\n\t<\/article>\n\n<\/div><\/div><\/div>\t\t<\/div>\n\t\t\t\t<\/div>\n\t\t\t\t\t<\/div>\n\t\t\t\t<\/div>\n\t\t\t\t<\/div>","protected":false},"excerpt":{"rendered":"<p>Klasik Otomobil Restorasyonu Trn garaj Avrupa ve Ortado\u011fu\u2019nun en prestijli klasik otomobillerine ev sahipli\u011fi yapm\u0131\u015ft\u0131r ve yapmaya devam etmektedir. \u201cDream Car \u201c halk dilinde adland\u0131r\u0131lan ikonik otomobiller konusunda uzman kadrosuyla ba\u015fta Ferrari, Lamborghini, Rolls Royce, Bugatti gibi d\u00fcnyaca \u00fcnl\u00fc s\u00fcper markalar\u0131n klasik ara\u00e7lar\u0131n\u0131 yapmaktad\u0131r ve yapmaya devam etmektedir. Tamamen d\u00fcnya standartlar\u0131nda yap\u0131lan yenileme ve restorasyon [&hellip;]<\/p>","protected":false},"author":1,"featured_media":0,"parent":0,"menu_order":0,"comment_status":"closed","ping_status":"closed","template":"","meta":{"footnotes":""},"class_list":["post-1607","page","type-page","status-publish","hentry"],"_links":{"self":[{"href":"https:\/\/www.trngaraj.com\/en\/wp-json\/wp\/v2\/pages\/1607","targetHints":{"allow":["GET"]}}],"collection":[{"href":"https:\/\/www.trngaraj.com\/en\/wp-json\/wp\/v2\/pages"}],"about":[{"href":"https:\/\/www.trngaraj.com\/en\/wp-json\/wp\/v2\/types\/page"}],"author":[{"embeddable":true,"href":"https:\/\/www.trngaraj.com\/en\/wp-json\/wp\/v2\/users\/1"}],"replies":[{"embeddable":true,"href":"https:\/\/www.trngaraj.com\/en\/wp-json\/wp\/v2\/comments?post=1607"}],"version-history":[{"count":7,"href":"https:\/\/www.trngaraj.com\/en\/wp-json\/wp\/v2\/pages\/1607\/revisions"}],"predecessor-version":[{"id":1765,"href":"https:\/\/www.trngaraj.com\/en\/wp-json\/wp\/v2\/pages\/1607\/revisions\/1765"}],"wp:attachment":[{"href":"https:\/\/www.trngaraj.com\/en\/wp-json\/wp\/v2\/media?parent=1607"}],"curies":[{"name":"wp","href":"https:\/\/api.w.org\/{rel}","templated":true}]}}