{"id":1537,"date":"2024-04-23T09:34:18","date_gmt":"2024-04-23T09:34:18","guid":{"rendered":"https:\/\/www.trngaraj.com\/?page_id=1537"},"modified":"2024-04-25T13:31:29","modified_gmt":"2024-04-25T13:31:29","slug":"hizmetlerimiz","status":"publish","type":"page","link":"https:\/\/www.trngaraj.com\/en\/hizmetlerimiz\/","title":{"rendered":"Hizmetlerimiz"},"content":{"rendered":"<div data-elementor-type=\"wp-page\" data-elementor-id=\"1537\" class=\"elementor elementor-1537\">\n\t\t\t\t\t\t<section class=\"elementor-section elementor-top-section elementor-element elementor-element-436ad8cb elementor-section-boxed elementor-section-height-default elementor-section-height-default\" data-id=\"436ad8cb\" data-element_type=\"section\">\n\t\t\t\t\t\t<div class=\"elementor-container elementor-column-gap-default\">\n\t\t\t\t\t<div class=\"elementor-column elementor-col-33 elementor-top-column elementor-element elementor-element-658e26e1\" data-id=\"658e26e1\" data-element_type=\"column\">\n\t\t\t<div class=\"elementor-widget-wrap elementor-element-populated\">\n\t\t\t\t\t\t<div class=\"elementor-element elementor-element-4b0d38f6 elementor-widget elementor-widget-image\" data-id=\"4b0d38f6\" data-element_type=\"widget\" data-widget_type=\"image.default\">\n\t\t\t\t<div class=\"elementor-widget-container\">\n\t\t\t<style>\/*! elementor - v3.21.0 - 20-05-2024 *\/\n.elementor-widget-image{text-align:center}.elementor-widget-image a{display:inline-block}.elementor-widget-image a img[src$=\".svg\"]{width:48px}.elementor-widget-image img{vertical-align:middle;display:inline-block}<\/style>\t\t\t\t\t\t\t\t\t\t\t<a href=\"https:\/\/companyhub.liquid-themes.com\/elementor\/services-2\/\">\n\t\t\t\t\t\t\t<img fetchpriority=\"high\" decoding=\"async\" width=\"320\" height=\"320\" src=\"https:\/\/www.trngaraj.com\/wp-content\/uploads\/2024\/04\/268494338_634547640924162_9117323071296314981_n-320x320.jpg\" class=\"attachment-liquid-style4-lb size-liquid-style4-lb wp-image-1657\" alt=\"\" srcset=\"https:\/\/www.trngaraj.com\/wp-content\/uploads\/2024\/04\/268494338_634547640924162_9117323071296314981_n-320x320.jpg 320w, https:\/\/www.trngaraj.com\/wp-content\/uploads\/2024\/04\/268494338_634547640924162_9117323071296314981_n-150x150.jpg 150w, https:\/\/www.trngaraj.com\/wp-content\/uploads\/2024\/04\/268494338_634547640924162_9117323071296314981_n-760x760.jpg 760w\" sizes=\"(max-width: 320px) 100vw, 320px\" \/>\t\t\t\t\t\t\t\t<\/a>\n\t\t\t\t\t\t\t\t\t\t\t\t\t<\/div>\n\t\t\t\t<\/div>\n\t\t\t\t<section class=\"elementor-section elementor-inner-section elementor-element elementor-element-523cc9b5 elementor-section-boxed elementor-section-height-default elementor-section-height-default\" data-id=\"523cc9b5\" data-element_type=\"section\">\n\t\t\t\t\t\t<div class=\"elementor-container elementor-column-gap-default\">\n\t\t\t\t\t<div class=\"elementor-column elementor-col-100 elementor-inner-column elementor-element elementor-element-46f78e48\" data-id=\"46f78e48\" data-element_type=\"column\" data-settings=\"{&quot;background_background&quot;:&quot;classic&quot;}\">\n\t\t\t<div class=\"elementor-widget-wrap elementor-element-populated\">\n\t\t\t\t\t\t<div class=\"elementor-element elementor-element-1a35dd05 elementor-widget__width-auto elementor-widget elementor-widget-hub_fancy_heading\" data-id=\"1a35dd05\" data-element_type=\"widget\" data-widget_type=\"hub_fancy_heading.default\">\n\t\t\t\t<div class=\"elementor-widget-container\">\n\t\t\t\n\t\t<div id=\"ld-fancy-heading-69fe1357a6e82\" class=\"ld-fancy-heading pos-rel\">\n\t\t\t<h6 class=\"ld-fh-element d-inline-block pos-rel  elementor-heading-title lqd-highlight-classic lqd-highlight-grow-left h6\"  > Hizmetlerimiz<\/h6>\t\t<\/div>\n\n\t\t\t\t<\/div>\n\t\t\t\t<\/div>\n\t\t\t\t<div class=\"elementor-element elementor-element-7fde92fa elementor-widget elementor-widget-hub_fancy_heading\" data-id=\"7fde92fa\" data-element_type=\"widget\" data-widget_type=\"hub_fancy_heading.default\">\n\t\t\t\t<div class=\"elementor-widget-container\">\n\t\t\t\n\t\t<div id=\"ld-fancy-heading-69fe1357a7b2a\" class=\"ld-fancy-heading pos-rel\">\n\t\t\t<h5 class=\"ld-fh-element d-inline-block pos-rel  elementor-heading-title lqd-highlight-classic lqd-highlight-grow-left h5\"  > Klasik Otomobil Restorasyonu<\/h5>\t\t<\/div>\n\n\t\t\t\t<\/div>\n\t\t\t\t<\/div>\n\t\t\t\t<div class=\"elementor-element elementor-element-3e162732 elementor-align-center elementor-widget elementor-widget-ld_button\" data-id=\"3e162732\" data-element_type=\"widget\" data-widget_type=\"ld_button.default\">\n\t\t\t\t<div class=\"elementor-widget-container\">\n\t\t\t\n\t\t\t<a\n\t\t\t\thref=\"https:\/\/www.trngaraj.com\/en\/klasik-otomobil-restorasyonu\/\" target=\"_blank\" rel=\"nofollow\"class=\"elementor-button btn btn-underlined border-thin btn-icon-right btn-has-label\"\t\t\t>\n\t\t\t\t\t\t\t\t\t<span data-text=\"\u0130ncele\" class=\"btn-txt\">\n\t\t\t\t\t\t\u0130ncele\t\t\t\t\t<\/span>\n\t\t\t\t\t\t\t\t\t\t\t\t\t\t<span class=\"btn-icon\">\n\t\t\t\t\t\t\t<svg aria-hidden=\"true\" class=\"e-font-icon-svg e-fas-chevron-right\" viewbox=\"0 0 320 512\" xmlns=\"http:\/\/www.w3.org\/2000\/svg\"><path d=\"M285.476 272.971L91.132 467.314c-9.373 9.373-24.569 9.373-33.941 0l-22.667-22.667c-9.357-9.357-9.375-24.522-.04-33.901L188.505 256 34.484 101.255c-9.335-9.379-9.317-24.544.04-33.901l22.667-22.667c9.373-9.373 24.569-9.373 33.941 0L285.475 239.03c9.373 9.372 9.373 24.568.001 33.941z\"><\/path><\/svg>\t\t\t\t\t\t<\/span>\n\t\t\t\t\t\t\t\t\t<\/a>\n\t\t\t\t\t<\/div>\n\t\t\t\t<\/div>\n\t\t\t\t\t<\/div>\n\t\t<\/div>\n\t\t\t\t\t<\/div>\n\t\t<\/section>\n\t\t\t\t\t<\/div>\n\t\t<\/div>\n\t\t\t\t<div class=\"elementor-column elementor-col-33 elementor-top-column elementor-element elementor-element-fe8037f\" data-id=\"fe8037f\" data-element_type=\"column\">\n\t\t\t<div class=\"elementor-widget-wrap elementor-element-populated\">\n\t\t\t\t\t\t<div class=\"elementor-element elementor-element-d824dc7 elementor-widget elementor-widget-image\" data-id=\"d824dc7\" data-element_type=\"widget\" data-widget_type=\"image.default\">\n\t\t\t\t<div class=\"elementor-widget-container\">\n\t\t\t\t\t\t\t\t\t\t\t\t\t\t<a href=\"https:\/\/companyhub.liquid-themes.com\/elementor\/services-2\/\">\n\t\t\t\t\t\t\t<img decoding=\"async\" width=\"320\" height=\"320\" src=\"data:image\/svg+xml;charset=utf-8,%3Csvg xmlns%3D&#039;http%3A%2F%2Fwww.w3.org%2F2000%2Fsvg&#039; viewBox%3D&#039;0 0 320 320&#039;%2F%3E\" class=\"attachment-liquid-style4-lb size-liquid-style4-lb wp-image-1660 ld-lazyload\" alt=\"\" data-src=\"https:\/\/www.trngaraj.com\/wp-content\/uploads\/2024\/04\/245099488_1710473012617790_7470337214546694485_n-320x320.jpg\" data-srcset=\"https:\/\/www.trngaraj.com\/wp-content\/uploads\/2024\/04\/245099488_1710473012617790_7470337214546694485_n-320x320.jpg 320w, https:\/\/www.trngaraj.com\/wp-content\/uploads\/2024\/04\/245099488_1710473012617790_7470337214546694485_n-300x300.jpg 300w, https:\/\/www.trngaraj.com\/wp-content\/uploads\/2024\/04\/245099488_1710473012617790_7470337214546694485_n-1024x1024.jpg 1024w, https:\/\/www.trngaraj.com\/wp-content\/uploads\/2024\/04\/245099488_1710473012617790_7470337214546694485_n-150x150.jpg 150w, https:\/\/www.trngaraj.com\/wp-content\/uploads\/2024\/04\/245099488_1710473012617790_7470337214546694485_n-760x760.jpg 760w, https:\/\/www.trngaraj.com\/wp-content\/uploads\/2024\/04\/245099488_1710473012617790_7470337214546694485_n-12x12.jpg 12w, https:\/\/www.trngaraj.com\/wp-content\/uploads\/2024\/04\/245099488_1710473012617790_7470337214546694485_n.jpg 1440w\" data-sizes=\"(max-width: 320px) 100vw, 320px\" data-aspect=\"1\" \/>\t\t\t\t\t\t\t\t<\/a>\n\t\t\t\t\t\t\t\t\t\t\t\t\t<\/div>\n\t\t\t\t<\/div>\n\t\t\t\t<section class=\"elementor-section elementor-inner-section elementor-element elementor-element-a437d50 elementor-section-boxed elementor-section-height-default elementor-section-height-default\" data-id=\"a437d50\" data-element_type=\"section\">\n\t\t\t\t\t\t<div class=\"elementor-container elementor-column-gap-default\">\n\t\t\t\t\t<div class=\"elementor-column elementor-col-100 elementor-inner-column elementor-element elementor-element-15cbb8d\" data-id=\"15cbb8d\" data-element_type=\"column\" data-settings=\"{&quot;background_background&quot;:&quot;classic&quot;}\">\n\t\t\t<div class=\"elementor-widget-wrap elementor-element-populated\">\n\t\t\t\t\t\t<div class=\"elementor-element elementor-element-2618ab2 elementor-widget__width-auto elementor-widget elementor-widget-hub_fancy_heading\" data-id=\"2618ab2\" data-element_type=\"widget\" data-widget_type=\"hub_fancy_heading.default\">\n\t\t\t\t<div class=\"elementor-widget-container\">\n\t\t\t\n\t\t<div id=\"ld-fancy-heading-69fe1357c1a25\" class=\"ld-fancy-heading pos-rel\">\n\t\t\t<h6 class=\"ld-fh-element d-inline-block pos-rel  elementor-heading-title lqd-highlight-classic lqd-highlight-grow-left h6\"  > Hizmetlerimiz<\/h6>\t\t<\/div>\n\n\t\t\t\t<\/div>\n\t\t\t\t<\/div>\n\t\t\t\t<div class=\"elementor-element elementor-element-c59189e elementor-widget elementor-widget-hub_fancy_heading\" data-id=\"c59189e\" data-element_type=\"widget\" data-widget_type=\"hub_fancy_heading.default\">\n\t\t\t\t<div class=\"elementor-widget-container\">\n\t\t\t\n\t\t<div id=\"ld-fancy-heading-69fe1357c2db7\" class=\"ld-fancy-heading pos-rel\">\n\t\t\t<h5 class=\"ld-fh-element d-inline-block pos-rel  elementor-heading-title lqd-highlight-classic lqd-highlight-grow-left h5\"  > Supersport Tamir Bak\u0131m\n<\/h5>\t\t<\/div>\n\n\t\t\t\t<\/div>\n\t\t\t\t<\/div>\n\t\t\t\t<div class=\"elementor-element elementor-element-cf5db25 elementor-align-center elementor-widget elementor-widget-ld_button\" data-id=\"cf5db25\" data-element_type=\"widget\" data-widget_type=\"ld_button.default\">\n\t\t\t\t<div class=\"elementor-widget-container\">\n\t\t\t\n\t\t\t<a\n\t\t\t\thref=\"https:\/\/www.trngaraj.com\/en\/supersport-tamir-bakim\/\" target=\"_blank\" rel=\"nofollow\"class=\"elementor-button btn btn-underlined border-thin btn-icon-right btn-has-label\"\t\t\t>\n\t\t\t\t\t\t\t\t\t<span data-text=\"\u0130ncele\" class=\"btn-txt\">\n\t\t\t\t\t\t\u0130ncele\t\t\t\t\t<\/span>\n\t\t\t\t\t\t\t\t\t\t\t\t\t\t<span class=\"btn-icon\">\n\t\t\t\t\t\t\t<svg aria-hidden=\"true\" class=\"e-font-icon-svg e-fas-chevron-right\" viewbox=\"0 0 320 512\" xmlns=\"http:\/\/www.w3.org\/2000\/svg\"><path d=\"M285.476 272.971L91.132 467.314c-9.373 9.373-24.569 9.373-33.941 0l-22.667-22.667c-9.357-9.357-9.375-24.522-.04-33.901L188.505 256 34.484 101.255c-9.335-9.379-9.317-24.544.04-33.901l22.667-22.667c9.373-9.373 24.569-9.373 33.941 0L285.475 239.03c9.373 9.372 9.373 24.568.001 33.941z\"><\/path><\/svg>\t\t\t\t\t\t<\/span>\n\t\t\t\t\t\t\t\t\t<\/a>\n\t\t\t\t\t<\/div>\n\t\t\t\t<\/div>\n\t\t\t\t\t<\/div>\n\t\t<\/div>\n\t\t\t\t\t<\/div>\n\t\t<\/section>\n\t\t\t\t\t<\/div>\n\t\t<\/div>\n\t\t\t\t<div class=\"elementor-column elementor-col-33 elementor-top-column elementor-element elementor-element-c0ec9cc\" data-id=\"c0ec9cc\" data-element_type=\"column\">\n\t\t\t<div class=\"elementor-widget-wrap elementor-element-populated\">\n\t\t\t\t\t\t<div class=\"elementor-element elementor-element-88e981c elementor-widget elementor-widget-image\" data-id=\"88e981c\" data-element_type=\"widget\" data-widget_type=\"image.default\">\n\t\t\t\t<div class=\"elementor-widget-container\">\n\t\t\t\t\t\t\t\t\t\t\t\t\t\t<a href=\"https:\/\/companyhub.liquid-themes.com\/elementor\/services-2\/\">\n\t\t\t\t\t\t\t<img decoding=\"async\" width=\"320\" height=\"320\" src=\"data:image\/svg+xml;charset=utf-8,%3Csvg xmlns%3D&#039;http%3A%2F%2Fwww.w3.org%2F2000%2Fsvg&#039; viewBox%3D&#039;0 0 320 320&#039;%2F%3E\" class=\"attachment-liquid-style4-lb size-liquid-style4-lb wp-image-1655 ld-lazyload\" alt=\"\" data-src=\"https:\/\/www.trngaraj.com\/wp-content\/uploads\/2024\/04\/255301008_322368665938261_6407541968408596675_n-320x320.jpg\" data-srcset=\"https:\/\/www.trngaraj.com\/wp-content\/uploads\/2024\/04\/255301008_322368665938261_6407541968408596675_n-320x320.jpg 320w, https:\/\/www.trngaraj.com\/wp-content\/uploads\/2024\/04\/255301008_322368665938261_6407541968408596675_n-150x150.jpg 150w\" data-sizes=\"(max-width: 320px) 100vw, 320px\" data-aspect=\"1\" \/>\t\t\t\t\t\t\t\t<\/a>\n\t\t\t\t\t\t\t\t\t\t\t\t\t<\/div>\n\t\t\t\t<\/div>\n\t\t\t\t<section class=\"elementor-section elementor-inner-section elementor-element elementor-element-3c68f6e elementor-section-boxed elementor-section-height-default elementor-section-height-default\" data-id=\"3c68f6e\" data-element_type=\"section\">\n\t\t\t\t\t\t<div class=\"elementor-container elementor-column-gap-default\">\n\t\t\t\t\t<div class=\"elementor-column elementor-col-100 elementor-inner-column elementor-element elementor-element-ae0a2e3\" data-id=\"ae0a2e3\" data-element_type=\"column\" data-settings=\"{&quot;background_background&quot;:&quot;classic&quot;}\">\n\t\t\t<div class=\"elementor-widget-wrap elementor-element-populated\">\n\t\t\t\t\t\t<div class=\"elementor-element elementor-element-3972a95 elementor-widget__width-auto elementor-widget elementor-widget-hub_fancy_heading\" data-id=\"3972a95\" data-element_type=\"widget\" data-widget_type=\"hub_fancy_heading.default\">\n\t\t\t\t<div class=\"elementor-widget-container\">\n\t\t\t\n\t\t<div id=\"ld-fancy-heading-69fe1357da7ff\" class=\"ld-fancy-heading pos-rel\">\n\t\t\t<h6 class=\"ld-fh-element d-inline-block pos-rel  elementor-heading-title lqd-highlight-classic lqd-highlight-grow-left h6\"  > Hizmetlerimiz<\/h6>\t\t<\/div>\n\n\t\t\t\t<\/div>\n\t\t\t\t<\/div>\n\t\t\t\t<div class=\"elementor-element elementor-element-a826d67 elementor-widget elementor-widget-hub_fancy_heading\" data-id=\"a826d67\" data-element_type=\"widget\" data-widget_type=\"hub_fancy_heading.default\">\n\t\t\t\t<div class=\"elementor-widget-container\">\n\t\t\t\n\t\t<div id=\"ld-fancy-heading-69fe1357dbb85\" class=\"ld-fancy-heading pos-rel\">\n\t\t\t<h5 class=\"ld-fh-element d-inline-block pos-rel  elementor-heading-title lqd-highlight-classic lqd-highlight-grow-left h5\"  > Motorsporlar\u0131\n<\/h5>\t\t<\/div>\n\n\t\t\t\t<\/div>\n\t\t\t\t<\/div>\n\t\t\t\t<div class=\"elementor-element elementor-element-2c77e57 elementor-align-center elementor-widget elementor-widget-ld_button\" data-id=\"2c77e57\" data-element_type=\"widget\" data-widget_type=\"ld_button.default\">\n\t\t\t\t<div class=\"elementor-widget-container\">\n\t\t\t\n\t\t\t<a\n\t\t\t\thref=\"https:\/\/www.trngaraj.com\/en\/motorsporlari\/\" target=\"_blank\" rel=\"nofollow\"class=\"elementor-button btn btn-underlined border-thin btn-icon-right btn-has-label\"\t\t\t>\n\t\t\t\t\t\t\t\t\t<span data-text=\"\u0130ncele\" class=\"btn-txt\">\n\t\t\t\t\t\t\u0130ncele\t\t\t\t\t<\/span>\n\t\t\t\t\t\t\t\t\t\t\t\t\t\t<span class=\"btn-icon\">\n\t\t\t\t\t\t\t<svg aria-hidden=\"true\" class=\"e-font-icon-svg e-fas-chevron-right\" viewbox=\"0 0 320 512\" xmlns=\"http:\/\/www.w3.org\/2000\/svg\"><path d=\"M285.476 272.971L91.132 467.314c-9.373 9.373-24.569 9.373-33.941 0l-22.667-22.667c-9.357-9.357-9.375-24.522-.04-33.901L188.505 256 34.484 101.255c-9.335-9.379-9.317-24.544.04-33.901l22.667-22.667c9.373-9.373 24.569-9.373 33.941 0L285.475 239.03c9.373 9.372 9.373 24.568.001 33.941z\"><\/path><\/svg>\t\t\t\t\t\t<\/span>\n\t\t\t\t\t\t\t\t\t<\/a>\n\t\t\t\t\t<\/div>\n\t\t\t\t<\/div>\n\t\t\t\t\t<\/div>\n\t\t<\/div>\n\t\t\t\t\t<\/div>\n\t\t<\/section>\n\t\t\t\t\t<\/div>\n\t\t<\/div>\n\t\t\t\t\t<\/div>\n\t\t<\/section>\n\t\t\t\t<\/div>","protected":false},"excerpt":{"rendered":"<p>Hizmetlerimiz Klasik Otomobil Restorasyonu \u0130ncele Hizmetlerimiz Supersport Tamir Bak\u0131m \u0130ncele Hizmetlerimiz Motorsporlar\u0131 \u0130ncele<\/p>","protected":false},"author":1,"featured_media":0,"parent":0,"menu_order":0,"comment_status":"closed","ping_status":"closed","template":"","meta":{"footnotes":""},"class_list":["post-1537","page","type-page","status-publish","hentry"],"_links":{"self":[{"href":"https:\/\/www.trngaraj.com\/en\/wp-json\/wp\/v2\/pages\/1537","targetHints":{"allow":["GET"]}}],"collection":[{"href":"https:\/\/www.trngaraj.com\/en\/wp-json\/wp\/v2\/pages"}],"about":[{"href":"https:\/\/www.trngaraj.com\/en\/wp-json\/wp\/v2\/types\/page"}],"author":[{"embeddable":true,"href":"https:\/\/www.trngaraj.com\/en\/wp-json\/wp\/v2\/users\/1"}],"replies":[{"embeddable":true,"href":"https:\/\/www.trngaraj.com\/en\/wp-json\/wp\/v2\/comments?post=1537"}],"version-history":[{"count":10,"href":"https:\/\/www.trngaraj.com\/en\/wp-json\/wp\/v2\/pages\/1537\/revisions"}],"predecessor-version":[{"id":1917,"href":"https:\/\/www.trngaraj.com\/en\/wp-json\/wp\/v2\/pages\/1537\/revisions\/1917"}],"wp:attachment":[{"href":"https:\/\/www.trngaraj.com\/en\/wp-json\/wp\/v2\/media?parent=1537"}],"curies":[{"name":"wp","href":"https:\/\/api.w.org\/{rel}","templated":true}]}}