{"id":1535,"date":"2024-04-23T09:33:43","date_gmt":"2024-04-23T09:33:43","guid":{"rendered":"https:\/\/www.trngaraj.com\/?page_id=1535"},"modified":"2024-05-22T09:43:26","modified_gmt":"2024-05-22T09:43:26","slug":"kurumsal","status":"publish","type":"page","link":"https:\/\/www.trngaraj.com\/en\/kurumsal\/","title":{"rendered":"Kurumsal"},"content":{"rendered":"<div data-elementor-type=\"wp-page\" data-elementor-id=\"1535\" class=\"elementor elementor-1535\">\n\t\t\t\t<div class=\"elementor-element elementor-element-03214e8 e-flex e-con-boxed e-con e-parent\" data-id=\"03214e8\" data-element_type=\"container\">\n\t\t\t\t\t<div class=\"e-con-inner\">\n\t\t<div class=\"elementor-element elementor-element-34b9aae e-con-full e-flex e-con e-child\" data-id=\"34b9aae\" data-element_type=\"container\">\n\t\t\t\t<div class=\"elementor-element elementor-element-d7d7385 elementor-widget elementor-widget-heading\" data-id=\"d7d7385\" data-element_type=\"widget\" data-widget_type=\"heading.default\">\n\t\t\t\t<div class=\"elementor-widget-container\">\n\t\t\t<style>\/*! elementor - v3.21.0 - 20-05-2024 *\/\n.elementor-heading-title{padding:0;margin:0;line-height:1}.elementor-widget-heading .elementor-heading-title[class*=elementor-size-]>a{color:inherit;font-size:inherit;line-height:inherit}.elementor-widget-heading .elementor-heading-title.elementor-size-small{font-size:15px}.elementor-widget-heading .elementor-heading-title.elementor-size-medium{font-size:19px}.elementor-widget-heading .elementor-heading-title.elementor-size-large{font-size:29px}.elementor-widget-heading .elementor-heading-title.elementor-size-xl{font-size:39px}.elementor-widget-heading .elementor-heading-title.elementor-size-xxl{font-size:59px}<\/style><h2 class=\"elementor-heading-title elementor-size-default\">Hakk\u0131m\u0131zda\/Efe Turan<\/h2>\t\t<\/div>\n\t\t\t\t<\/div>\n\t\t\t\t<div class=\"elementor-element elementor-element-717ae4c elementor-widget elementor-widget-text-editor\" data-id=\"717ae4c\" data-element_type=\"widget\" data-widget_type=\"text-editor.default\">\n\t\t\t\t<div class=\"elementor-widget-container\">\n\t\t\t<style>\/*! elementor - v3.21.0 - 20-05-2024 *\/\n.elementor-widget-text-editor.elementor-drop-cap-view-stacked .elementor-drop-cap{background-color:#69727d;color:#fff}.elementor-widget-text-editor.elementor-drop-cap-view-framed .elementor-drop-cap{color:#69727d;border:3px solid;background-color:transparent}.elementor-widget-text-editor:not(.elementor-drop-cap-view-default) .elementor-drop-cap{margin-top:8px}.elementor-widget-text-editor:not(.elementor-drop-cap-view-default) .elementor-drop-cap-letter{width:1em;height:1em}.elementor-widget-text-editor .elementor-drop-cap{float:left;text-align:center;line-height:1;font-size:50px}.elementor-widget-text-editor .elementor-drop-cap-letter{display:inline-block}<\/style>\t\t\t\t<p>Otomotiv d\u00fcnyas\u0131na \u00e7ocuk ya\u015flarda ad\u0131m atan ve o g\u00fcnden bu yana tutkusuyla b\u00fcy\u00fcyen bir vizyoner ve liderim. Otomotiv mekani\u011finin inceliklerini hen\u00fcz yedi ya\u015f\u0131nda \u00f6\u011frenmeye ba\u015flayarak, kendi alan\u0131mda ustala\u015fmak i\u00e7in s\u00fcrekli bir tutku ve azimle ilerledim.<\/p><p>E\u011fitim hayat\u0131m\u0131 otomotiv alan\u0131nda tamamlayarak, bilgi birikimimi ve deneyimimi zirveye ta\u015f\u0131d\u0131m. 2010 y\u0131l\u0131nda kurdu\u011fum TRN Garaj ile ara\u00e7 restorasyonu ve d\u00f6n\u00fc\u015f\u00fcm\u00fc alan\u0131nda \u00e7\u0131\u011f\u0131r a\u00e7t\u0131k. &#8216;Caddeden ralliye&#8217; vizyonumuzla, s\u0131radan ara\u00e7lar\u0131 heyecan verici ralli makinelerine d\u00f6n\u00fc\u015ft\u00fcrerek adrenalin dolu bir ser\u00fcvene imza att\u0131k.<\/p><p>TRN Garaj, sadece bir i\u015fletme de\u011fil, bir ba\u015far\u0131 \u00f6yk\u00fcs\u00fcd\u00fcr. Her ge\u00e7en g\u00fcn b\u00fcy\u00fcyerek, ba\u015far\u0131lar\u0131m\u0131z\u0131 katlayarak devam ettik. Hem zarif klasik ara\u00e7lar\u0131 restore ederek hem de g\u00fcnl\u00fck kullan\u0131m ara\u00e7lar\u0131n\u0131 onararak, m\u00fc\u015fterilerimize en \u00fcst\u00fcn hizmeti sunmay\u0131 ama\u00e7lad\u0131k.<\/p><p>Harley Davidson&#8217;dan Honda&#8217;ya, Kawasaki&#8217;den Yamaha&#8217;ya kadar geni\u015f bir yelpazede hizmet vererek, motor tutkunlar\u0131n\u0131n hayallerini ger\u00e7e\u011fe d\u00f6n\u00fc\u015ft\u00fcrd\u00fck. Ayr\u0131ca, motorsporlar\u0131 alan\u0131ndaki birikimimizle offroad ara\u00e7lar\u0131n\u0131 da haz\u0131rlayarak zorlu m\u00fccadelelerde zaferler kazand\u0131k. Transanatolia&#8217; dahil olmak \u00fczere T\u00fcrkiye ralli \u015fampiyonas\u0131na kadar bir\u00e7ok zorlu yar\u0131\u015fta ad\u0131m\u0131z\u0131 podyumlara ta\u015f\u0131d\u0131k.<\/p>\t\t\t\t\t\t<\/div>\n\t\t\t\t<\/div>\n\t\t\t\t<\/div>\n\t\t<div class=\"elementor-element elementor-element-bb7ef71 e-con-full e-flex e-con e-child\" data-id=\"bb7ef71\" data-element_type=\"container\">\n\t\t\t\t<div class=\"elementor-element elementor-element-37e097b elementor-widget elementor-widget-image\" data-id=\"37e097b\" data-element_type=\"widget\" data-widget_type=\"image.default\">\n\t\t\t\t<div class=\"elementor-widget-container\">\n\t\t\t<style>\/*! elementor - v3.21.0 - 20-05-2024 *\/\n.elementor-widget-image{text-align:center}.elementor-widget-image a{display:inline-block}.elementor-widget-image a img[src$=\".svg\"]{width:48px}.elementor-widget-image img{vertical-align:middle;display:inline-block}<\/style>\t\t\t\t\t\t\t\t\t\t<img fetchpriority=\"high\" decoding=\"async\" width=\"780\" height=\"777\" src=\"https:\/\/www.trngaraj.com\/wp-content\/uploads\/2024\/04\/trn-garage-1024x1020.png\" class=\"attachment-large size-large wp-image-1883\" alt=\"\" srcset=\"https:\/\/www.trngaraj.com\/wp-content\/uploads\/2024\/04\/trn-garage-1024x1020.png 1024w, https:\/\/www.trngaraj.com\/wp-content\/uploads\/2024\/04\/trn-garage-300x300.png 300w, https:\/\/www.trngaraj.com\/wp-content\/uploads\/2024\/04\/trn-garage-150x150.png 150w, https:\/\/www.trngaraj.com\/wp-content\/uploads\/2024\/04\/trn-garage-320x320.png 320w, https:\/\/www.trngaraj.com\/wp-content\/uploads\/2024\/04\/trn-garage-12x12.png 12w, https:\/\/www.trngaraj.com\/wp-content\/uploads\/2024\/04\/trn-garage.png 1123w\" sizes=\"(max-width: 780px) 100vw, 780px\" \/>\t\t\t\t\t\t\t\t\t\t\t\t\t<\/div>\n\t\t\t\t<\/div>\n\t\t\t\t<\/div>\n\t\t\t\t\t<\/div>\n\t\t\t\t<\/div>\n\t\t<div class=\"elementor-element elementor-element-8c95fd6 e-flex e-con-boxed e-con e-parent\" data-id=\"8c95fd6\" data-element_type=\"container\">\n\t\t\t\t\t<div class=\"e-con-inner\">\n\t\t<div class=\"elementor-element elementor-element-fc0b105 e-flex e-con-boxed e-con e-child\" data-id=\"fc0b105\" data-element_type=\"container\">\n\t\t\t\t\t<div class=\"e-con-inner\">\n\t\t\t\t<div class=\"elementor-element elementor-element-cd28bf6 elementor-widget elementor-widget-text-editor\" data-id=\"cd28bf6\" data-element_type=\"widget\" data-widget_type=\"text-editor.default\">\n\t\t\t\t<div class=\"elementor-widget-container\">\n\t\t\t\t\t\t\t<p>T\u00fcrkiye Historic Rally \u015eampiyonas\u0131&#8217;nda co-pilot olarak elde etti\u011fim ba\u015far\u0131larla, ad\u0131m\u0131 T\u00fcrkiye&#8217;nin en ba\u015far\u0131l\u0131 isimleri aras\u0131na yazd\u0131rd\u0131m. Wrc Rally Turkey gibi d\u00fcnyan\u0131n en zorlu yar\u0131\u015flar\u0131 aras\u0131nda g\u00f6sterilen yar\u0131\u015flara bile haz\u0131rlad\u0131\u011f\u0131m ara\u00e7larla podyumlar\u0131 zorlad\u0131m.<\/p><p>TRN Motorsports markas\u0131 alt\u0131nda sundu\u011fumuz servis hizmetleri ile ralli ve pist \u015fampiyonalar\u0131nda \u00f6nc\u00fc bir konumda yer ald\u0131k. \u015eu anda \u00c7e\u015fme Ala\u00e7at\u0131 ve Urla&#8217;daki 6000 metrekarelik garajlar\u0131m\u0131zda, klasik ara\u00e7 tutkunlar\u0131na benzersiz bir deneyim sunan Cars &amp; Cafe konseptimizle \u00f6ne \u00e7\u0131k\u0131yoruz. Ayr\u0131ca, T\u00fcrkiye&#8217;nin \u00f6nde gelen Secret koleksiyonlar\u0131ndan birine hizmet vererek, uluslararas\u0131 alanda da tan\u0131n\u0131rl\u0131\u011f\u0131m\u0131z\u0131 art\u0131r\u0131yoruz. Dubai&#8217;den ba\u015flayarak Ortado\u011fu ve Avrupa&#8217;ya uzanan a\u011f\u0131m\u0131zla, ara\u00e7 restorasyon hizmetlerimizi d\u00fcnya \u00e7ap\u0131nda tan\u0131tarak b\u00fcy\u00fcmeye devam ediyoruz.<\/p><p>Hayat\u0131m\u0131 otomotiv tutkusu ve s\u00fcrekli yenilik pe\u015finde ko\u015farak ge\u00e7iriyorum. Her g\u00fcn yeni bir heyecan ve ba\u015far\u0131 hikayesiyle dolu, ilham verici bir yolculu\u011fun par\u00e7as\u0131 olmaktan gurur\u00a0duyuyorum.<\/p>\t\t\t\t\t\t<\/div>\n\t\t\t\t<\/div>\n\t\t\t\t\t<\/div>\n\t\t\t\t<\/div>\n\t\t\t\t\t<\/div>\n\t\t\t\t<\/div>\n\t\t\t\t<\/div>","protected":false},"excerpt":{"rendered":"<p>Hakk\u0131m\u0131zda\/Efe Turan Otomotiv d\u00fcnyas\u0131na \u00e7ocuk ya\u015flarda ad\u0131m atan ve o g\u00fcnden bu yana tutkusuyla b\u00fcy\u00fcyen bir vizyoner ve liderim. Otomotiv mekani\u011finin inceliklerini hen\u00fcz yedi ya\u015f\u0131nda \u00f6\u011frenmeye ba\u015flayarak, kendi alan\u0131mda ustala\u015fmak i\u00e7in s\u00fcrekli bir tutku ve azimle ilerledim. E\u011fitim hayat\u0131m\u0131 otomotiv alan\u0131nda tamamlayarak, bilgi birikimimi ve deneyimimi zirveye ta\u015f\u0131d\u0131m. 2010 y\u0131l\u0131nda kurdu\u011fum TRN Garaj ile ara\u00e7 [&hellip;]<\/p>","protected":false},"author":1,"featured_media":0,"parent":0,"menu_order":0,"comment_status":"closed","ping_status":"closed","template":"","meta":{"footnotes":""},"class_list":["post-1535","page","type-page","status-publish","hentry"],"_links":{"self":[{"href":"https:\/\/www.trngaraj.com\/en\/wp-json\/wp\/v2\/pages\/1535","targetHints":{"allow":["GET"]}}],"collection":[{"href":"https:\/\/www.trngaraj.com\/en\/wp-json\/wp\/v2\/pages"}],"about":[{"href":"https:\/\/www.trngaraj.com\/en\/wp-json\/wp\/v2\/types\/page"}],"author":[{"embeddable":true,"href":"https:\/\/www.trngaraj.com\/en\/wp-json\/wp\/v2\/users\/1"}],"replies":[{"embeddable":true,"href":"https:\/\/www.trngaraj.com\/en\/wp-json\/wp\/v2\/comments?post=1535"}],"version-history":[{"count":25,"href":"https:\/\/www.trngaraj.com\/en\/wp-json\/wp\/v2\/pages\/1535\/revisions"}],"predecessor-version":[{"id":1950,"href":"https:\/\/www.trngaraj.com\/en\/wp-json\/wp\/v2\/pages\/1535\/revisions\/1950"}],"wp:attachment":[{"href":"https:\/\/www.trngaraj.com\/en\/wp-json\/wp\/v2\/media?parent=1535"}],"curies":[{"name":"wp","href":"https:\/\/api.w.org\/{rel}","templated":true}]}}